{"id":93,"date":"2025-09-10T07:54:39","date_gmt":"2025-09-10T11:54:39","guid":{"rendered":"https:\/\/orthovzla.com\/?post_type=product&#038;p=93"},"modified":"2026-04-23T14:43:34","modified_gmt":"2026-04-23T18:43:34","slug":"galaxy","status":"publish","type":"product","link":"https:\/\/orthovzla.com\/en\/product\/galaxy\/","title":{"rendered":"Brackets Galaxy"},"content":{"rendered":"<p>El caso de brackets Galaxy Creative Dental es un bracket met\u00e1lico convencional.<\/p>\n<p>Caracter\u00edsticas del caso de brackets Galaxy Creative Dental<\/p>\n<ul>\n<li>Monoblock fabricado con tecnolog\u00eda MIM.<\/li>\n<li>Dise\u00f1o de ala de perfil bajo para facilitar la ligadura.<\/li>\n<li>Base arenada.<\/li>\n<li>20 piezas.<\/li>\n<\/ul>","protected":false},"excerpt":{"rendered":"<p>El caso de brackets Galaxy Creative Dental es un bracket met\u00e1lico convencional. Caracter\u00edsticas del caso de brackets Galaxy Creative Dental Monoblock fabricado con tecnolog\u00eda MIM. Dise\u00f1o de ala de perfil&hellip;<\/p>","protected":false},"featured_media":5446,"comment_status":"open","ping_status":"closed","template":"","meta":{"_acf_changed":false,"_coblocks_attr":"","_coblocks_dimensions":"","_coblocks_responsive_height":"","_coblocks_accordion_ie_support":""},"product_cat":[22,331,18],"product_tag":[24,25,26,27],"class_list":{"0":"post-93","1":"product","2":"type-product","3":"status-publish","4":"has-post-thumbnail","6":"product_brand-creative","7":"product_cat-brackets","8":"product_cat-metalicos","9":"product_cat-ortho","10":"product_tag-brackets","11":"product_tag-casos","12":"product_tag-metalico","13":"product_tag-ortodoncia","15":"first","16":"instock","17":"featured","18":"shipping-taxable","19":"purchasable","20":"product-type-simple","21":"layout-style-1","22":"col-md-4 col-sm-4 col-xs-6","23":"col-lg-4","24":"product-has-gallery","25":"product-style-addtocart"},"acf":[],"jetpack_sharing_enabled":true,"_links":{"self":[{"href":"https:\/\/orthovzla.com\/en\/wp-json\/wp\/v2\/product\/93","targetHints":{"allow":["GET"]}}],"collection":[{"href":"https:\/\/orthovzla.com\/en\/wp-json\/wp\/v2\/product"}],"about":[{"href":"https:\/\/orthovzla.com\/en\/wp-json\/wp\/v2\/types\/product"}],"replies":[{"embeddable":true,"href":"https:\/\/orthovzla.com\/en\/wp-json\/wp\/v2\/comments?post=93"}],"wp:featuredmedia":[{"embeddable":true,"href":"https:\/\/orthovzla.com\/en\/wp-json\/wp\/v2\/media\/5446"}],"wp:attachment":[{"href":"https:\/\/orthovzla.com\/en\/wp-json\/wp\/v2\/media?parent=93"}],"wp:term":[{"taxonomy":"product_cat","embeddable":true,"href":"https:\/\/orthovzla.com\/en\/wp-json\/wp\/v2\/product_cat?post=93"},{"taxonomy":"product_tag","embeddable":true,"href":"https:\/\/orthovzla.com\/en\/wp-json\/wp\/v2\/product_tag?post=93"}],"curies":[{"name":"wp","href":"https:\/\/api.w.org\/{rel}","templated":true}]}}