{"id":6016,"date":"2026-03-04T08:48:35","date_gmt":"2026-03-04T12:48:35","guid":{"rendered":"https:\/\/orthovzla.com\/?post_type=product&#038;p=6016"},"modified":"2026-04-23T14:46:12","modified_gmt":"2026-04-23T18:46:12","slug":"laminas-de-acetato-a-040-leone","status":"publish","type":"product","link":"https:\/\/orthovzla.com\/en\/product\/laminas-de-acetato-a-040-leone\/","title":{"rendered":"Laminas de acetato A+ 040 Leone"},"content":{"rendered":"<p>Las l\u00e1minas de acetato A+ 040 Leone, tambi\u00e9n conocidas como planchas termopl\u00e1sticas o de termoformado, son dispositivos esenciales en la fabricaci\u00f3n de aparatos dentales personalizados. Estas planchas en base a l\u00e1minas de polietileno, acr\u00edlico y otros compuestos similares, permiten crear alineadores invisibles, retenedores, f\u00e9rulas de blanqueamiento y protectores deportivos de alta calidad.<\/p>\n<p>Caracter\u00edsticas de las l\u00e1minas de acetato A+ 040 Leone<\/p>\n<ul>\n<li>Fabricadas con PET-G (polietilentereftalato modificado con glicol) material para el termoformado, ideal para realizar alineadores dentales y contenciones est\u00e9ticas post terapia. El material, conforme a la ISO 10993-1, posee excelentes caracter\u00edsticas de transparencia \u00f3ptica y, una vez formado, una elevada eficacia biomec\u00e1nica.<\/li>\n<li>Se fabrican con di\u00e1metro 120mm para adaptarse a todas las necesidades de la cl\u00ednica dental, del laboratorio o del fabricante de alineadores, pero, sobre todo, se adaptan perfectamente a cada paciente.<\/li>\n<li>El grosor m\u00e1s utilizado para alineadores es el disco de 0,8mm de espesor, aunque tambi\u00e9n se utiliza el de 0,5mm. Adem\u00e1s, el disco termoformable de 1mm que es m\u00e1s habitual en retenci\u00f3n removible una vez finalizado el tratamiento de ortodoncia, pero tambi\u00e9n se usa en alineadores.<\/li>\n<li>1 mm de espesor.<\/li>\n<li>Presentaci\u00f3n: 25 unidades.<\/li>\n<\/ul>","protected":false},"excerpt":{"rendered":"<p>Las l\u00e1minas de acetato A+ 040 Leone, tambi\u00e9n conocidas como planchas termopl\u00e1sticas o de termoformado, son dispositivos esenciales en la fabricaci\u00f3n de aparatos dentales personalizados. Estas planchas en base a&hellip;<\/p>","protected":false},"featured_media":6017,"comment_status":"open","ping_status":"closed","template":"","meta":{"_acf_changed":false,"_coblocks_attr":"","_coblocks_dimensions":"","_coblocks_responsive_height":"","_coblocks_accordion_ie_support":""},"product_cat":[669,18],"product_tag":[673,675,671],"class_list":{"0":"post-6016","1":"product","2":"type-product","3":"status-publish","4":"has-post-thumbnail","6":"product_brand-leone","7":"product_cat-laminas","8":"product_cat-ortho","9":"product_tag-acetato","10":"product_tag-acrilico","11":"product_tag-laminas","13":"first","14":"instock","15":"shipping-taxable","16":"purchasable","17":"product-type-simple","18":"layout-style-1","19":"col-md-4 col-sm-4 col-xs-6","20":"col-lg-4","21":"product-has-gallery","22":"product-style-addtocart"},"acf":[],"jetpack_sharing_enabled":true,"_links":{"self":[{"href":"https:\/\/orthovzla.com\/en\/wp-json\/wp\/v2\/product\/6016","targetHints":{"allow":["GET"]}}],"collection":[{"href":"https:\/\/orthovzla.com\/en\/wp-json\/wp\/v2\/product"}],"about":[{"href":"https:\/\/orthovzla.com\/en\/wp-json\/wp\/v2\/types\/product"}],"replies":[{"embeddable":true,"href":"https:\/\/orthovzla.com\/en\/wp-json\/wp\/v2\/comments?post=6016"}],"wp:featuredmedia":[{"embeddable":true,"href":"https:\/\/orthovzla.com\/en\/wp-json\/wp\/v2\/media\/6017"}],"wp:attachment":[{"href":"https:\/\/orthovzla.com\/en\/wp-json\/wp\/v2\/media?parent=6016"}],"wp:term":[{"taxonomy":"product_cat","embeddable":true,"href":"https:\/\/orthovzla.com\/en\/wp-json\/wp\/v2\/product_cat?post=6016"},{"taxonomy":"product_tag","embeddable":true,"href":"https:\/\/orthovzla.com\/en\/wp-json\/wp\/v2\/product_tag?post=6016"}],"curies":[{"name":"wp","href":"https:\/\/api.w.org\/{rel}","templated":true}]}}