{"id":6013,"date":"2026-03-04T08:41:15","date_gmt":"2026-03-04T12:41:15","guid":{"rendered":"https:\/\/orthovzla.com\/?post_type=product&#038;p=6013"},"modified":"2026-04-23T14:46:10","modified_gmt":"2026-04-23T18:46:10","slug":"laminas-de-acetato-c-040-essix","status":"publish","type":"product","link":"https:\/\/orthovzla.com\/en\/product\/laminas-de-acetato-c-040-essix\/","title":{"rendered":"L\u00e1minas de acetato C+ 040 Essix"},"content":{"rendered":"<p>Las l\u00e1minas de acetato C+ 040 Essix, tambi\u00e9n conocidas como planchas termopl\u00e1sticas o de termoformado, son dispositivos esenciales en la fabricaci\u00f3n de aparatos dentales personalizados. Se utilizan para alineadores y retenedores para bruxismo.<\/p>\n<p>Caracter\u00edsticas de las l\u00e1minas de acetato C+ 040 Essix<\/p>\n<ul>\n<li>C+ es una opci\u00f3n est\u00e9ticamente agradable para brux\u00f3manos que deseen evitar el uso de un retenedor de alambre.<\/li>\n<li>Buena combinaci\u00f3n de resistencia, durabilidad y claridad, resistente al agrietamiento o roturas, f\u00e1cilmente extra\u00edbles de los modelos y reducibles sin esfuerzo.<\/li>\n<li>Tiempo de vida de 24 meses<\/li>\n<li>Libre de l\u00e1tex y BPA. Transparente.<\/li>\n<li>0.040\u2033 de grosor.<\/li>\n<li>No es para ser usado con acr\u00edlicos o agentes adhesivos.<\/li>\n<li>Guarde las laminas en un sitio fresco y seco.<\/li>\n<li>Pacientes con antecedentes de reacciones al\u00e9rgicas al pl\u00e1stico no deben utilizar este producto.<\/li>\n<li>Un tiempo de calentamiento demasiado prolongado durante la termoformaci\u00f3n har\u00e1 que el pl\u00e1stico se combe excesivamente y representara un riesgo de lesi\u00f3n para el paciente.<\/li>\n<li>Presentaci\u00f3n: 10 unidades.<\/li>\n<\/ul>\n<p>Instrucciones de uso de las l\u00e1minas de acetato C+ 040 Essix<\/p>\n<ol>\n<li>Recortar los modelos a la altura de 3\/4\u2033. Los modelos de arco completo deben tener la b\u00f3veda palatina recortada.<\/li>\n<li>IMPORTANTE precaliente la maquina antes de usarla durante al menos 3 minutos o hasta que el elemento calentador tome un color naranja solido.<\/li>\n<li>Roc\u00ede el modelo con el agente desmoldador para evitar que el material de bandeja se pegue al modelo.<\/li>\n<li>Coloque el pl\u00e1stico en la armadura de la maquina y el modelo en la placa de la base.<\/li>\n<li>Tras el precalentamiento, gire el elemento calentador sobre el pl\u00e1stico. Observe el pl\u00e1stico mientras se calienta.<\/li>\n<li>Durante el calentamiento el pl\u00e1stico asciende hacia la fuente de calor y luego se vuelve ondulado a medida que desciende desde la posici\u00f3n elevada.<\/li>\n<li>Las ondas comenzaran a aplanarse hasta su posici\u00f3n original \u2013 este es el tiempo optimo de termoformaci\u00f3n. No deje que el pl\u00e1stico se combe.<\/li>\n<li>Aleje el elemento calentador del pl\u00e1stico. Accione el vac\u00edo y baje el pl\u00e1stico sobre el modelo.<\/li>\n<li>Roci\u00e9 inmediatamente el modelo revestido de pl\u00e1stico con el liquido refrigerante. Deje que el proceso de vac\u00edo contin\u00fae hasta que el pl\u00e1stico se enfri\u00e9.<\/li>\n<li>Realice el recorte y acabado del dispositivo seg\u00fan requiera.<\/li>\n<\/ol>\n<p>Tiempo de calentamiento recomendado: 60 segundos<\/p>","protected":false},"excerpt":{"rendered":"<p>Las l\u00e1minas de acetato C+ 040 Essix, tambi\u00e9n conocidas como planchas termopl\u00e1sticas o de termoformado, son dispositivos esenciales en la fabricaci\u00f3n de aparatos dentales personalizados. Se utilizan para alineadores y&hellip;<\/p>","protected":false},"featured_media":6007,"comment_status":"open","ping_status":"closed","template":"","meta":{"_acf_changed":false,"_coblocks_attr":"","_coblocks_dimensions":"","_coblocks_responsive_height":"","_coblocks_accordion_ie_support":""},"product_cat":[669,18],"product_tag":[673,675,671],"class_list":{"0":"post-6013","1":"product","2":"type-product","3":"status-publish","4":"has-post-thumbnail","6":"product_brand-dentsply","7":"product_cat-laminas","8":"product_cat-ortho","9":"product_tag-acetato","10":"product_tag-acrilico","11":"product_tag-laminas","13":"first","14":"instock","15":"shipping-taxable","16":"purchasable","17":"product-type-simple","18":"layout-style-1","19":"col-md-4 col-sm-4 col-xs-6","20":"col-lg-4","21":"product-has-gallery","22":"product-style-addtocart"},"acf":[],"jetpack_sharing_enabled":true,"_links":{"self":[{"href":"https:\/\/orthovzla.com\/en\/wp-json\/wp\/v2\/product\/6013","targetHints":{"allow":["GET"]}}],"collection":[{"href":"https:\/\/orthovzla.com\/en\/wp-json\/wp\/v2\/product"}],"about":[{"href":"https:\/\/orthovzla.com\/en\/wp-json\/wp\/v2\/types\/product"}],"replies":[{"embeddable":true,"href":"https:\/\/orthovzla.com\/en\/wp-json\/wp\/v2\/comments?post=6013"}],"wp:featuredmedia":[{"embeddable":true,"href":"https:\/\/orthovzla.com\/en\/wp-json\/wp\/v2\/media\/6007"}],"wp:attachment":[{"href":"https:\/\/orthovzla.com\/en\/wp-json\/wp\/v2\/media?parent=6013"}],"wp:term":[{"taxonomy":"product_cat","embeddable":true,"href":"https:\/\/orthovzla.com\/en\/wp-json\/wp\/v2\/product_cat?post=6013"},{"taxonomy":"product_tag","embeddable":true,"href":"https:\/\/orthovzla.com\/en\/wp-json\/wp\/v2\/product_tag?post=6013"}],"curies":[{"name":"wp","href":"https:\/\/api.w.org\/{rel}","templated":true}]}}