{"id":6006,"date":"2026-03-04T08:15:51","date_gmt":"2026-03-04T12:15:51","guid":{"rendered":"https:\/\/orthovzla.com\/?post_type=product&#038;p=6006"},"modified":"2026-04-23T14:46:08","modified_gmt":"2026-04-23T18:46:08","slug":"laminas-de-acetato-ace-essix","status":"publish","type":"product","link":"https:\/\/orthovzla.com\/en\/product\/laminas-de-acetato-ace-essix\/","title":{"rendered":"L\u00e1minas de acetato ACE Essix"},"content":{"rendered":"<p>Las l\u00e1minas de acetato ACE Essix, tambi\u00e9n conocidas como planchas termopl\u00e1sticas o de termoformado, son dispositivos esenciales en la fabricaci\u00f3n de aparatos dentales personalizados. Se utilizan para retenedores y alineadores.<\/p>\n<p>Caracter\u00edsticas de las l\u00e1minas de acetato ACE Essix<\/p>\n<ul>\n<li>L\u00e1minas de acetato ACE Essix 0.040\u2033 de grosor.<\/li>\n<li>Buena combinaci\u00f3n de resistencia, durabilidad y claridad, resistente al agrietamiento o roturas, f\u00e1cilmente extra\u00edbles de los modelos y reducibles sin esfuerzo.<\/li>\n<li>Guarde las laminas en un sitio fresco y seco.<\/li>\n<li>Pacientes con antecedentes de reacciones al\u00e9rgicas al pl\u00e1stico no deben utilizar este producto.<\/li>\n<li>Un tiempo de calentamiento demasiado prolongado durante la termoformaci\u00f3n har\u00e1 que el pl\u00e1stico se combe excesivamente y representara un riesgo de lesi\u00f3n para el paciente.<\/li>\n<li>Tiempo de vida de 18-24 meses.<\/li>\n<li>Libre de l\u00e1tex y BPA.<\/li>\n<li>Presentaci\u00f3n: 25 unidades.<\/li>\n<\/ul>\n<p>Instrucciones de uso de las l\u00e1minas de acetato ACE Essix<\/p>\n<ol>\n<li>El pl\u00e1stico tiene una pelicula protectora en ambos lados, retirarla antes de la termoformaci\u00f3n.<\/li>\n<li>Recortar los modelos a la altura de 3\/4\u2033. Los modelos de arco completo deben tener la b\u00f3veda palatina recortada.<\/li>\n<li>IMPORTANTE precaliente la maquina antes de usarla durante al menos 3 minutos o hasta que el elemento calentador tome un color naranja solido.<\/li>\n<li>Roc\u00ede el modelo con el medio de separaci\u00f3n para evitar que el material se adhiera al modelo.<\/li>\n<li>Coloque el pl\u00e1stico en la armadura de la maquina y el modelo en la placa de la base.<\/li>\n<li>Tras el precalentamiento, gire el elemento calentador sobre el pl\u00e1stico.<\/li>\n<li>Observe el pl\u00e1stico mientras se calienta. Debe calentarse hasta que se combe aproximadamente 0.95 cm \u2013 1.27 cm.<\/li>\n<li>Aleje el elemento calentador del pl\u00e1stico. Accione el vac\u00edo y baje el pl\u00e1stico sobre el modelo.<\/li>\n<li>Introduzca el pl\u00e1stico en cada socavadura. Roci\u00e9 inmediatamente el modelo revestido de pl\u00e1stico con el liquido refrigerante.<\/li>\n<li>Deje que el proceso de vac\u00edo contin\u00fae hasta que el pl\u00e1stico se enfri\u00e9.<\/li>\n<li>Realice el recorte y acabado del dispositivo seg\u00fan requiera.<\/li>\n<\/ol>\n<p>Tiempo de calentamiento recomendado: 35 segundos.<\/p>","protected":false},"excerpt":{"rendered":"<p>Las l\u00e1minas de acetato ACE Essix, tambi\u00e9n conocidas como planchas termopl\u00e1sticas o de termoformado, son dispositivos esenciales en la fabricaci\u00f3n de aparatos dentales personalizados. Se utilizan para retenedores y alineadores.&hellip;<\/p>","protected":false},"featured_media":6007,"comment_status":"open","ping_status":"closed","template":"","meta":{"_acf_changed":false,"_coblocks_attr":"","_coblocks_dimensions":"","_coblocks_responsive_height":"","_coblocks_accordion_ie_support":""},"product_cat":[669,18],"product_tag":[673,671],"class_list":{"0":"post-6006","1":"product","2":"type-product","3":"status-publish","4":"has-post-thumbnail","6":"product_brand-dentsply","7":"product_cat-laminas","8":"product_cat-ortho","9":"product_tag-acetato","10":"product_tag-laminas","12":"first","13":"instock","14":"shipping-taxable","15":"purchasable","16":"product-type-simple","17":"layout-style-1","18":"col-md-4 col-sm-4 col-xs-6","19":"col-lg-4","20":"product-has-gallery","21":"product-style-addtocart"},"acf":[],"jetpack_sharing_enabled":true,"_links":{"self":[{"href":"https:\/\/orthovzla.com\/en\/wp-json\/wp\/v2\/product\/6006","targetHints":{"allow":["GET"]}}],"collection":[{"href":"https:\/\/orthovzla.com\/en\/wp-json\/wp\/v2\/product"}],"about":[{"href":"https:\/\/orthovzla.com\/en\/wp-json\/wp\/v2\/types\/product"}],"replies":[{"embeddable":true,"href":"https:\/\/orthovzla.com\/en\/wp-json\/wp\/v2\/comments?post=6006"}],"wp:featuredmedia":[{"embeddable":true,"href":"https:\/\/orthovzla.com\/en\/wp-json\/wp\/v2\/media\/6007"}],"wp:attachment":[{"href":"https:\/\/orthovzla.com\/en\/wp-json\/wp\/v2\/media?parent=6006"}],"wp:term":[{"taxonomy":"product_cat","embeddable":true,"href":"https:\/\/orthovzla.com\/en\/wp-json\/wp\/v2\/product_cat?post=6006"},{"taxonomy":"product_tag","embeddable":true,"href":"https:\/\/orthovzla.com\/en\/wp-json\/wp\/v2\/product_tag?post=6006"}],"curies":[{"name":"wp","href":"https:\/\/api.w.org\/{rel}","templated":true}]}}