{"id":5984,"date":"2025-11-07T10:51:12","date_gmt":"2025-11-07T14:51:12","guid":{"rendered":"https:\/\/orthovzla.com\/?post_type=product&#038;p=5984"},"modified":"2026-04-23T14:46:07","modified_gmt":"2026-04-23T18:46:07","slug":"limas-rotatorias-path-eighteeth","status":"publish","type":"product","link":"https:\/\/orthovzla.com\/en\/product\/limas-rotatorias-path-eighteeth\/","title":{"rendered":"Limas rotatorias path Eighteeth"},"content":{"rendered":"<p>Caracter\u00edsticas<\/p>\n<ul>\n<li>Utilizan un tratamiento t\u00e9rmico para proporcionar una mayor flexibilidad y resistencia a la fatiga c\u00edclica para la preparaci\u00f3n de canal radicular r\u00e1pida y segura.<\/li>\n<li>Flexibilidad intensiva y m\u00e1s resistente a la fatiga cl\u00ednica.<\/li>\n<li>Sigue el contorno del conducto radicular, retiene m\u00e1s dentina.<\/li>\n<li>Acorta significativamente el tiempo de preparaci\u00f3n.<\/li>\n<li>Menos desviaci\u00f3n de conductos.<\/li>\n<li>Adecuado para conductos radiculares curvos.<\/li>\n<li>Paso de rosca variable.<\/li>\n<li>Ni-ti con efecto t\u00e9rmico de memoria.<\/li>\n<li>Punta segura sin corte.<\/li>\n<li>Medida disponible: 25 mm<\/li>\n<\/ul>","protected":false},"excerpt":{"rendered":"<p>Caracter\u00edsticas Utilizan un tratamiento t\u00e9rmico para proporcionar una mayor flexibilidad y resistencia a la fatiga c\u00edclica para la preparaci\u00f3n de canal radicular r\u00e1pida y segura. Flexibilidad intensiva y m\u00e1s resistente&hellip;<\/p>","protected":false},"featured_media":5985,"comment_status":"open","ping_status":"closed","template":"","meta":{"_acf_changed":false,"_coblocks_attr":"","_coblocks_dimensions":"","_coblocks_responsive_height":"","_coblocks_accordion_ie_support":""},"product_cat":[665],"product_tag":[],"class_list":{"0":"post-5984","1":"product","2":"type-product","3":"status-publish","4":"has-post-thumbnail","6":"product_brand-eighteeth","7":"product_cat-limas","9":"first","10":"instock","11":"shipping-taxable","12":"purchasable","13":"product-type-simple","14":"layout-style-1","15":"col-md-4 col-sm-4 col-xs-6","16":"col-lg-4","17":"product-style-addtocart"},"acf":[],"jetpack_sharing_enabled":true,"_links":{"self":[{"href":"https:\/\/orthovzla.com\/en\/wp-json\/wp\/v2\/product\/5984","targetHints":{"allow":["GET"]}}],"collection":[{"href":"https:\/\/orthovzla.com\/en\/wp-json\/wp\/v2\/product"}],"about":[{"href":"https:\/\/orthovzla.com\/en\/wp-json\/wp\/v2\/types\/product"}],"replies":[{"embeddable":true,"href":"https:\/\/orthovzla.com\/en\/wp-json\/wp\/v2\/comments?post=5984"}],"wp:featuredmedia":[{"embeddable":true,"href":"https:\/\/orthovzla.com\/en\/wp-json\/wp\/v2\/media\/5985"}],"wp:attachment":[{"href":"https:\/\/orthovzla.com\/en\/wp-json\/wp\/v2\/media?parent=5984"}],"wp:term":[{"taxonomy":"product_cat","embeddable":true,"href":"https:\/\/orthovzla.com\/en\/wp-json\/wp\/v2\/product_cat?post=5984"},{"taxonomy":"product_tag","embeddable":true,"href":"https:\/\/orthovzla.com\/en\/wp-json\/wp\/v2\/product_tag?post=5984"}],"curies":[{"name":"wp","href":"https:\/\/api.w.org\/{rel}","templated":true}]}}