{"id":5981,"date":"2025-11-07T10:48:54","date_gmt":"2025-11-07T14:48:54","guid":{"rendered":"https:\/\/orthovzla.com\/?post_type=product&#038;p=5981"},"modified":"2026-04-23T14:46:07","modified_gmt":"2026-04-23T18:46:07","slug":"limas-rotatorias-one-eighteeth","status":"publish","type":"product","link":"https:\/\/orthovzla.com\/en\/product\/limas-rotatorias-one-eighteeth\/","title":{"rendered":"Limas rotatorias one Eighteeth"},"content":{"rendered":"<p>Las limas rotatorias one Eighteeth, una sola lima con eficiencia incre\u00edble.<\/p>\n<p>Caracter\u00edsticas<\/p>\n<ul>\n<li>Utilizan un tratamiento t\u00e9rmico de color azul-n\u00edquel-titanio para proporcionar una mayor flexibilidad y resistencia a la fatiga c\u00edclica para la preparaci\u00f3n de canal radicular r\u00e1pida y segura.<\/li>\n<li>Tratamiento t\u00e9rmico de azul garantiza mayor flexibilidad y seguridad.<\/li>\n<li>Paso de rosca variable.<\/li>\n<li>Ni-ti con efecto t\u00e9rmico de memoria.<\/li>\n<li>Punta segura sin corte<\/li>\n<li>Secci\u00f3n transversal de doble S<\/li>\n<li>Filo de corte agudo<\/li>\n<li>Medida disponible: 25 mm<\/li>\n<\/ul>","protected":false},"excerpt":{"rendered":"<p>Las limas rotatorias one Eighteeth, una sola lima con eficiencia incre\u00edble. Caracter\u00edsticas Utilizan un tratamiento t\u00e9rmico de color azul-n\u00edquel-titanio para proporcionar una mayor flexibilidad y resistencia a la fatiga c\u00edclica&hellip;<\/p>","protected":false},"featured_media":5982,"comment_status":"open","ping_status":"closed","template":"","meta":{"_acf_changed":false,"_coblocks_attr":"","_coblocks_dimensions":"","_coblocks_responsive_height":"","_coblocks_accordion_ie_support":""},"product_cat":[665],"product_tag":[],"class_list":{"0":"post-5981","1":"product","2":"type-product","3":"status-publish","4":"has-post-thumbnail","6":"product_brand-eighteeth","7":"product_cat-limas","9":"first","10":"instock","11":"shipping-taxable","12":"purchasable","13":"product-type-simple","14":"layout-style-1","15":"col-md-4 col-sm-4 col-xs-6","16":"col-lg-4","17":"product-has-gallery","18":"product-style-addtocart"},"acf":[],"jetpack_sharing_enabled":true,"_links":{"self":[{"href":"https:\/\/orthovzla.com\/en\/wp-json\/wp\/v2\/product\/5981","targetHints":{"allow":["GET"]}}],"collection":[{"href":"https:\/\/orthovzla.com\/en\/wp-json\/wp\/v2\/product"}],"about":[{"href":"https:\/\/orthovzla.com\/en\/wp-json\/wp\/v2\/types\/product"}],"replies":[{"embeddable":true,"href":"https:\/\/orthovzla.com\/en\/wp-json\/wp\/v2\/comments?post=5981"}],"wp:featuredmedia":[{"embeddable":true,"href":"https:\/\/orthovzla.com\/en\/wp-json\/wp\/v2\/media\/5982"}],"wp:attachment":[{"href":"https:\/\/orthovzla.com\/en\/wp-json\/wp\/v2\/media?parent=5981"}],"wp:term":[{"taxonomy":"product_cat","embeddable":true,"href":"https:\/\/orthovzla.com\/en\/wp-json\/wp\/v2\/product_cat?post=5981"},{"taxonomy":"product_tag","embeddable":true,"href":"https:\/\/orthovzla.com\/en\/wp-json\/wp\/v2\/product_tag?post=5981"}],"curies":[{"name":"wp","href":"https:\/\/api.w.org\/{rel}","templated":true}]}}