{"id":5978,"date":"2025-11-07T10:45:38","date_gmt":"2025-11-07T14:45:38","guid":{"rendered":"https:\/\/orthovzla.com\/?post_type=product&#038;p=5978"},"modified":"2026-04-23T14:46:00","modified_gmt":"2026-04-23T18:46:00","slug":"limas-rotatorias-rt-eighteeth","status":"publish","type":"product","link":"https:\/\/orthovzla.com\/en\/product\/limas-rotatorias-rt-eighteeth\/","title":{"rendered":"Limas rotatorias rt Eighteeth"},"content":{"rendered":"<p>Las limas rotatorias rt eighteeth es un sistema de limas de retratamiento para la eliminacion segura y efectiva de materiales de obturacion, como la gutapercha, lo que reduce la necesidad de solventes.<\/p>\n<p>Caracter\u00edsticas<\/p>\n<ul>\n<li>Utiliza un tratamiento t\u00e9rmico para proporcionar una mayor flexibilidad y resistencia a la fatiga c\u00edclica para una preparaci\u00f3n de canal radicular r\u00e1pida y segura.<\/li>\n<li>Tienen una punta no cortante y est\u00e1n dise\u00f1adas para respetar la anatom\u00eda del canal radicular.<\/li>\n<li>Paso de rosca variable.<\/li>\n<li>Punta eficiente de corte y de gu\u00eda.<\/li>\n<\/ul>","protected":false},"excerpt":{"rendered":"<p>Las limas rotatorias rt eighteeth es un sistema de limas de retratamiento para la eliminacion segura y efectiva de materiales de obturacion, como la gutapercha, lo que reduce la necesidad&hellip;<\/p>","protected":false},"featured_media":5979,"comment_status":"open","ping_status":"closed","template":"","meta":{"_acf_changed":false,"_coblocks_attr":"","_coblocks_dimensions":"","_coblocks_responsive_height":"","_coblocks_accordion_ie_support":""},"product_cat":[665],"product_tag":[],"class_list":{"0":"post-5978","1":"product","2":"type-product","3":"status-publish","4":"has-post-thumbnail","6":"product_brand-eighteeth","7":"product_cat-limas","9":"first","10":"instock","11":"shipping-taxable","12":"purchasable","13":"product-type-simple","14":"layout-style-1","15":"col-md-4 col-sm-4 col-xs-6","16":"col-lg-4","17":"product-has-gallery","18":"product-style-addtocart"},"acf":[],"jetpack_sharing_enabled":true,"_links":{"self":[{"href":"https:\/\/orthovzla.com\/en\/wp-json\/wp\/v2\/product\/5978","targetHints":{"allow":["GET"]}}],"collection":[{"href":"https:\/\/orthovzla.com\/en\/wp-json\/wp\/v2\/product"}],"about":[{"href":"https:\/\/orthovzla.com\/en\/wp-json\/wp\/v2\/types\/product"}],"replies":[{"embeddable":true,"href":"https:\/\/orthovzla.com\/en\/wp-json\/wp\/v2\/comments?post=5978"}],"wp:featuredmedia":[{"embeddable":true,"href":"https:\/\/orthovzla.com\/en\/wp-json\/wp\/v2\/media\/5979"}],"wp:attachment":[{"href":"https:\/\/orthovzla.com\/en\/wp-json\/wp\/v2\/media?parent=5978"}],"wp:term":[{"taxonomy":"product_cat","embeddable":true,"href":"https:\/\/orthovzla.com\/en\/wp-json\/wp\/v2\/product_cat?post=5978"},{"taxonomy":"product_tag","embeddable":true,"href":"https:\/\/orthovzla.com\/en\/wp-json\/wp\/v2\/product_tag?post=5978"}],"curies":[{"name":"wp","href":"https:\/\/api.w.org\/{rel}","templated":true}]}}