{"id":5975,"date":"2025-11-07T10:40:21","date_gmt":"2025-11-07T14:40:21","guid":{"rendered":"https:\/\/orthovzla.com\/?post_type=product&#038;p=5975"},"modified":"2026-04-23T14:45:58","modified_gmt":"2026-04-23T18:45:58","slug":"limas-rotatorias-blue-eighteeth","status":"publish","type":"product","link":"https:\/\/orthovzla.com\/en\/product\/limas-rotatorias-blue-eighteeth\/","title":{"rendered":"Limas rotatorias blue Eighteeth"},"content":{"rendered":"<p>Limas rotatorias blue eighteeth con su tratamiento t\u00e9rmico de azul proporciona una resistencia superior mientras mantiene la flexibilidad para pasar todos los conductos.<\/p>\n<p>Caracter\u00edsticas<\/p>\n<ul>\n<li>Utilizan tecnolog\u00eda de tratamiento t\u00e9rmico de color azul-n\u00edquel-titanio con efecto de memoria t\u00e9rmica para proporcionar una fuerza superior y flexibilidad para una preparaci\u00f3n de canal radicular r\u00e1pida y segura.<\/li>\n<li>Paso de rosca variable.<\/li>\n<li>Filo de corte agudo.<\/li>\n<\/ul>","protected":false},"excerpt":{"rendered":"<p>Limas rotatorias blue eighteeth con su tratamiento t\u00e9rmico de azul proporciona una resistencia superior mientras mantiene la flexibilidad para pasar todos los conductos. Caracter\u00edsticas Utilizan tecnolog\u00eda de tratamiento t\u00e9rmico de&hellip;<\/p>","protected":false},"featured_media":5976,"comment_status":"open","ping_status":"closed","template":"","meta":{"_acf_changed":false,"_coblocks_attr":"","_coblocks_dimensions":"","_coblocks_responsive_height":"","_coblocks_accordion_ie_support":""},"product_cat":[665],"product_tag":[],"class_list":{"0":"post-5975","1":"product","2":"type-product","3":"status-publish","4":"has-post-thumbnail","6":"product_brand-eighteeth","7":"product_cat-limas","9":"first","10":"instock","11":"shipping-taxable","12":"purchasable","13":"product-type-simple","14":"layout-style-1","15":"col-md-4 col-sm-4 col-xs-6","16":"col-lg-4","17":"product-has-gallery","18":"product-style-addtocart"},"acf":[],"jetpack_sharing_enabled":true,"_links":{"self":[{"href":"https:\/\/orthovzla.com\/en\/wp-json\/wp\/v2\/product\/5975","targetHints":{"allow":["GET"]}}],"collection":[{"href":"https:\/\/orthovzla.com\/en\/wp-json\/wp\/v2\/product"}],"about":[{"href":"https:\/\/orthovzla.com\/en\/wp-json\/wp\/v2\/types\/product"}],"replies":[{"embeddable":true,"href":"https:\/\/orthovzla.com\/en\/wp-json\/wp\/v2\/comments?post=5975"}],"wp:featuredmedia":[{"embeddable":true,"href":"https:\/\/orthovzla.com\/en\/wp-json\/wp\/v2\/media\/5976"}],"wp:attachment":[{"href":"https:\/\/orthovzla.com\/en\/wp-json\/wp\/v2\/media?parent=5975"}],"wp:term":[{"taxonomy":"product_cat","embeddable":true,"href":"https:\/\/orthovzla.com\/en\/wp-json\/wp\/v2\/product_cat?post=5975"},{"taxonomy":"product_tag","embeddable":true,"href":"https:\/\/orthovzla.com\/en\/wp-json\/wp\/v2\/product_tag?post=5975"}],"curies":[{"name":"wp","href":"https:\/\/api.w.org\/{rel}","templated":true}]}}