{"id":5971,"date":"2025-11-07T10:38:38","date_gmt":"2025-11-07T14:38:38","guid":{"rendered":"https:\/\/orthovzla.com\/?post_type=product&#038;p=5971"},"modified":"2026-04-23T14:45:57","modified_gmt":"2026-04-23T18:45:57","slug":"limas-rotatorias-rec-eighteeth","status":"publish","type":"product","link":"https:\/\/orthovzla.com\/en\/product\/limas-rotatorias-rec-eighteeth\/","title":{"rendered":"Limas rotatorias rec Eighteeth"},"content":{"rendered":"<p>Las limas rotatorias rec eighteeth es un sistema reciprocante de una sola lima con eficiencia incre\u00edble.<\/p>\n<p>Caracter\u00edsticas<\/p>\n<ul>\n<li>Utiliza un tratamiento t\u00e9rmico de color azul-dorado para proporcionar una mayor flexibilidad y resistencia a la fatiga c\u00edclica para la preparaci\u00f3n de canal radicular r\u00e1pida y segura.<\/li>\n<li>Tienen un corte fuerte y menos escalones, lo que mejora la precisi\u00f3n y reduce el tiempo de trabajo.<\/li>\n<li>Paso de rosca variable.<\/li>\n<li>Ni-ti con efecto t\u00e9rmico de memoria.<\/li>\n<li>Punta segura sin corte<\/li>\n<li>Secci\u00f3n transversal de doble S<\/li>\n<li>Filo de corte agudo<\/li>\n<li>Medida disponible: 25 mm<\/li>\n<\/ul>","protected":false},"excerpt":{"rendered":"<p>Las limas rotatorias rec eighteeth es un sistema reciprocante de una sola lima con eficiencia incre\u00edble. Caracter\u00edsticas Utiliza un tratamiento t\u00e9rmico de color azul-dorado para proporcionar una mayor flexibilidad y&hellip;<\/p>","protected":false},"featured_media":5972,"comment_status":"open","ping_status":"closed","template":"","meta":{"_acf_changed":false,"_coblocks_attr":"","_coblocks_dimensions":"","_coblocks_responsive_height":"","_coblocks_accordion_ie_support":""},"product_cat":[665],"product_tag":[],"class_list":{"0":"post-5971","1":"product","2":"type-product","3":"status-publish","4":"has-post-thumbnail","6":"product_brand-eighteeth","7":"product_cat-limas","9":"first","10":"instock","11":"shipping-taxable","12":"purchasable","13":"product-type-simple","14":"layout-style-1","15":"col-md-4 col-sm-4 col-xs-6","16":"col-lg-4","17":"product-has-gallery","18":"product-style-addtocart"},"acf":[],"jetpack_sharing_enabled":true,"_links":{"self":[{"href":"https:\/\/orthovzla.com\/en\/wp-json\/wp\/v2\/product\/5971","targetHints":{"allow":["GET"]}}],"collection":[{"href":"https:\/\/orthovzla.com\/en\/wp-json\/wp\/v2\/product"}],"about":[{"href":"https:\/\/orthovzla.com\/en\/wp-json\/wp\/v2\/types\/product"}],"replies":[{"embeddable":true,"href":"https:\/\/orthovzla.com\/en\/wp-json\/wp\/v2\/comments?post=5971"}],"wp:featuredmedia":[{"embeddable":true,"href":"https:\/\/orthovzla.com\/en\/wp-json\/wp\/v2\/media\/5972"}],"wp:attachment":[{"href":"https:\/\/orthovzla.com\/en\/wp-json\/wp\/v2\/media?parent=5971"}],"wp:term":[{"taxonomy":"product_cat","embeddable":true,"href":"https:\/\/orthovzla.com\/en\/wp-json\/wp\/v2\/product_cat?post=5971"},{"taxonomy":"product_tag","embeddable":true,"href":"https:\/\/orthovzla.com\/en\/wp-json\/wp\/v2\/product_tag?post=5971"}],"curies":[{"name":"wp","href":"https:\/\/api.w.org\/{rel}","templated":true}]}}