{"id":5965,"date":"2025-11-07T10:28:00","date_gmt":"2025-11-07T14:28:00","guid":{"rendered":"https:\/\/orthovzla.com\/?post_type=product&#038;p=5965"},"modified":"2026-04-23T14:45:56","modified_gmt":"2026-04-23T18:45:56","slug":"limas-rotatorias-gold-eighteeth","status":"publish","type":"product","link":"https:\/\/orthovzla.com\/en\/product\/limas-rotatorias-gold-eighteeth\/","title":{"rendered":"Limas rotatorias gold Eighteeth"},"content":{"rendered":"<p>Las limas rotatorias gold eighteeth utilizan un tratamiento t\u00e9rmico de color dorado para proporcionar una mayor flexibilidad y resistencia a la fatiga c\u00edclica para una preparaci\u00f3n de canal radicular segura y eficiente.<\/p>\n<p>Caracter\u00edsticas<\/p>\n<ul>\n<li>Tienen un dise\u00f1o c\u00f3nico variable y una punta no cortante para respetar la anatom\u00eda del canal radicular.<\/li>\n<li>Tratamiento t\u00e9rmico de oro permite pasar cualquier conducto curvado con seguridad.<\/li>\n<li>Paso de rosca variable.<\/li>\n<li>Ni-ti con efecto t\u00e9rmico de memoria.<\/li>\n<li>Filo de corte agudo.<\/li>\n<li>Punta segura sin corte.<\/li>\n<\/ul>","protected":false},"excerpt":{"rendered":"<p>Las limas rotatorias gold eighteeth utilizan un tratamiento t\u00e9rmico de color dorado para proporcionar una mayor flexibilidad y resistencia a la fatiga c\u00edclica para una preparaci\u00f3n de canal radicular segura&hellip;<\/p>","protected":false},"featured_media":5966,"comment_status":"open","ping_status":"closed","template":"","meta":{"_acf_changed":false,"_coblocks_attr":"","_coblocks_dimensions":"","_coblocks_responsive_height":"","_coblocks_accordion_ie_support":""},"product_cat":[665],"product_tag":[],"class_list":{"0":"post-5965","1":"product","2":"type-product","3":"status-publish","4":"has-post-thumbnail","6":"product_brand-eighteeth","7":"product_cat-limas","9":"first","10":"instock","11":"shipping-taxable","12":"purchasable","13":"product-type-simple","14":"layout-style-1","15":"col-md-4 col-sm-4 col-xs-6","16":"col-lg-4","17":"product-has-gallery","18":"product-style-addtocart"},"acf":[],"jetpack_sharing_enabled":true,"_links":{"self":[{"href":"https:\/\/orthovzla.com\/en\/wp-json\/wp\/v2\/product\/5965","targetHints":{"allow":["GET"]}}],"collection":[{"href":"https:\/\/orthovzla.com\/en\/wp-json\/wp\/v2\/product"}],"about":[{"href":"https:\/\/orthovzla.com\/en\/wp-json\/wp\/v2\/types\/product"}],"replies":[{"embeddable":true,"href":"https:\/\/orthovzla.com\/en\/wp-json\/wp\/v2\/comments?post=5965"}],"wp:featuredmedia":[{"embeddable":true,"href":"https:\/\/orthovzla.com\/en\/wp-json\/wp\/v2\/media\/5966"}],"wp:attachment":[{"href":"https:\/\/orthovzla.com\/en\/wp-json\/wp\/v2\/media?parent=5965"}],"wp:term":[{"taxonomy":"product_cat","embeddable":true,"href":"https:\/\/orthovzla.com\/en\/wp-json\/wp\/v2\/product_cat?post=5965"},{"taxonomy":"product_tag","embeddable":true,"href":"https:\/\/orthovzla.com\/en\/wp-json\/wp\/v2\/product_tag?post=5965"}],"curies":[{"name":"wp","href":"https:\/\/api.w.org\/{rel}","templated":true}]}}