{"id":5962,"date":"2025-11-07T09:59:58","date_gmt":"2025-11-07T13:59:58","guid":{"rendered":"https:\/\/orthovzla.com\/?post_type=product&#038;p=5962"},"modified":"2026-04-23T14:45:56","modified_gmt":"2026-04-23T18:45:56","slug":"limas-rotatorias-mini-eighteeth","status":"publish","type":"product","link":"https:\/\/orthovzla.com\/en\/product\/limas-rotatorias-mini-eighteeth\/","title":{"rendered":"Limas rotatorias mini Eighteeth"},"content":{"rendered":"<p>Las limas rotatorias mini eighteeth son instrumentos dentales utilizados en endodoncia con un tama\u00f1o m\u00e1s peque\u00f1o y est\u00e1n dise\u00f1adas espec\u00edficamente para la preparaci\u00f3n de canales radiculares en dientes de leche.<\/p>\n<p>Caracter\u00edsticas<\/p>\n<p>Dise\u00f1o superflexible lo que las hace m\u00e1s seguras y efectivas en la preparaci\u00f3n de canales radiculares.<br \/>\nPaso de rosca variable.<br \/>\nNi-ti con efecto t\u00e9rmico de memoria.<br \/>\nFilo de corte agudo.<br \/>\nPunta segura sin corte.<br \/>\nMedida disponible: 16 mm.<\/p>","protected":false},"excerpt":{"rendered":"<p>Las limas rotatorias mini eighteeth son instrumentos dentales utilizados en endodoncia con un tama\u00f1o m\u00e1s peque\u00f1o y est\u00e1n dise\u00f1adas espec\u00edficamente para la preparaci\u00f3n de canales radiculares en dientes de leche.&hellip;<\/p>","protected":false},"featured_media":5963,"comment_status":"open","ping_status":"closed","template":"","meta":{"_acf_changed":false,"_coblocks_attr":"","_coblocks_dimensions":"","_coblocks_responsive_height":"","_coblocks_accordion_ie_support":""},"product_cat":[665],"product_tag":[],"class_list":{"0":"post-5962","1":"product","2":"type-product","3":"status-publish","4":"has-post-thumbnail","6":"product_brand-eighteeth","7":"product_cat-limas","9":"first","10":"instock","11":"shipping-taxable","12":"purchasable","13":"product-type-simple","14":"layout-style-1","15":"col-md-4 col-sm-4 col-xs-6","16":"col-lg-4","17":"product-has-gallery","18":"product-style-addtocart"},"acf":[],"jetpack_sharing_enabled":true,"_links":{"self":[{"href":"https:\/\/orthovzla.com\/en\/wp-json\/wp\/v2\/product\/5962","targetHints":{"allow":["GET"]}}],"collection":[{"href":"https:\/\/orthovzla.com\/en\/wp-json\/wp\/v2\/product"}],"about":[{"href":"https:\/\/orthovzla.com\/en\/wp-json\/wp\/v2\/types\/product"}],"replies":[{"embeddable":true,"href":"https:\/\/orthovzla.com\/en\/wp-json\/wp\/v2\/comments?post=5962"}],"wp:featuredmedia":[{"embeddable":true,"href":"https:\/\/orthovzla.com\/en\/wp-json\/wp\/v2\/media\/5963"}],"wp:attachment":[{"href":"https:\/\/orthovzla.com\/en\/wp-json\/wp\/v2\/media?parent=5962"}],"wp:term":[{"taxonomy":"product_cat","embeddable":true,"href":"https:\/\/orthovzla.com\/en\/wp-json\/wp\/v2\/product_cat?post=5962"},{"taxonomy":"product_tag","embeddable":true,"href":"https:\/\/orthovzla.com\/en\/wp-json\/wp\/v2\/product_tag?post=5962"}],"curies":[{"name":"wp","href":"https:\/\/api.w.org\/{rel}","templated":true}]}}