{"id":5959,"date":"2025-11-07T09:56:18","date_gmt":"2025-11-07T13:56:18","guid":{"rendered":"https:\/\/orthovzla.com\/?post_type=product&#038;p=5959"},"modified":"2026-04-23T14:45:55","modified_gmt":"2026-04-23T18:45:55","slug":"localizador-de-apice-epex-eighteeth","status":"publish","type":"product","link":"https:\/\/orthovzla.com\/en\/product\/localizador-de-apice-epex-eighteeth\/","title":{"rendered":"Localizador de \u00e1pice Epex Eighteeth"},"content":{"rendered":"<p>El localizador de \u00e1pice epex eighteeth es un dispositivo electr\u00f3nico utilizado en odontolog\u00eda para determinar la longitud de trabajo durante un tratamiento de conductos radiculares, es decir, la distancia entre la punta de la lima o el instrumento rotatorio y el \u00e1pice dental (la punta de la ra\u00edz). Esta informaci\u00f3n es crucial para realizar una obturaci\u00f3n precisa del conducto radicular y as\u00ed evitar da\u00f1ar estructuras sensibles como el foramen apical (la abertura por la que pasan los vasos sangu\u00edneos y nervios hacia el interior del diente).<\/p>\n<p>Caracter\u00edsticas del localizador de \u00e1pice epex eighteeth<\/p>\n<ul>\n<li>Inteligente, preciso y fiable.<\/li>\n<li>Su pantalla LCD es brillante y clara, y es f\u00e1cil de usar en cualquier entorno. Muestra informaci\u00f3n clara y visible sobre la distancia al \u00e1pice.<\/li>\n<li>Tiene una bater\u00eda recargable de larga duraci\u00f3n para que pueda usarlo durante procedimientos m\u00e1s largos.<\/li>\n<li>Ofrece una medici\u00f3n precisa de la longitud de trabajo, minimizando el riesgo de errores.<\/li>\n<li>Funciona con diferentes tipos de limas e instrumentos rotatorios y tiene funci\u00f3n de conexi\u00f3n para integrar al endomotor (E-connect)<\/li>\n<\/ul>","protected":false},"excerpt":{"rendered":"<p>El localizador de \u00e1pice epex eighteeth es un dispositivo electr\u00f3nico utilizado en odontolog\u00eda para determinar la longitud de trabajo durante un tratamiento de conductos radiculares, es decir, la distancia entre&hellip;<\/p>","protected":false},"featured_media":5960,"comment_status":"open","ping_status":"closed","template":"","meta":{"_acf_changed":false,"_coblocks_attr":"","_coblocks_dimensions":"","_coblocks_responsive_height":"","_coblocks_accordion_ie_support":""},"product_cat":[21],"product_tag":[],"class_list":{"0":"post-5959","1":"product","2":"type-product","3":"status-publish","4":"has-post-thumbnail","6":"product_brand-eighteeth","7":"product_cat-equipos","9":"first","10":"instock","11":"shipping-taxable","12":"purchasable","13":"product-type-simple","14":"layout-style-1","15":"col-md-4 col-sm-4 col-xs-6","16":"col-lg-4","17":"product-has-gallery","18":"product-style-addtocart"},"acf":[],"jetpack_sharing_enabled":true,"_links":{"self":[{"href":"https:\/\/orthovzla.com\/en\/wp-json\/wp\/v2\/product\/5959","targetHints":{"allow":["GET"]}}],"collection":[{"href":"https:\/\/orthovzla.com\/en\/wp-json\/wp\/v2\/product"}],"about":[{"href":"https:\/\/orthovzla.com\/en\/wp-json\/wp\/v2\/types\/product"}],"replies":[{"embeddable":true,"href":"https:\/\/orthovzla.com\/en\/wp-json\/wp\/v2\/comments?post=5959"}],"wp:featuredmedia":[{"embeddable":true,"href":"https:\/\/orthovzla.com\/en\/wp-json\/wp\/v2\/media\/5960"}],"wp:attachment":[{"href":"https:\/\/orthovzla.com\/en\/wp-json\/wp\/v2\/media?parent=5959"}],"wp:term":[{"taxonomy":"product_cat","embeddable":true,"href":"https:\/\/orthovzla.com\/en\/wp-json\/wp\/v2\/product_cat?post=5959"},{"taxonomy":"product_tag","embeddable":true,"href":"https:\/\/orthovzla.com\/en\/wp-json\/wp\/v2\/product_tag?post=5959"}],"curies":[{"name":"wp","href":"https:\/\/api.w.org\/{rel}","templated":true}]}}