{"id":5955,"date":"2025-11-07T09:53:58","date_gmt":"2025-11-07T13:53:58","guid":{"rendered":"https:\/\/orthovzla.com\/?post_type=product&#038;p=5955"},"modified":"2026-04-23T14:45:55","modified_gmt":"2026-04-23T18:45:55","slug":"endomotor-inalambrico-e-xtreme-eighteeth","status":"publish","type":"product","link":"https:\/\/orthovzla.com\/en\/product\/endomotor-inalambrico-e-xtreme-eighteeth\/","title":{"rendered":"Endomotor inal\u00e1mbrico E-xtreme Eighteeth"},"content":{"rendered":"<p>El endomotor inal\u00e1mbrico e-xtreme eighteeth es un dispositivo utilizado en odontolog\u00eda para realizar tratamientos de conductos radiculares con mayor precisi\u00f3n y eficiencia.<\/p>\n<p>La funci\u00f3n principal del endomotor inal\u00e1mbrico e-xtreme eighteeth es proporcionar movimiento rotatorio a las limas endod\u00f3nticas utilizadas para limpiar y dar forma a los conductos radiculares durante un tratamiento de endodoncia. Ofrece control preciso de la velocidad y el torque para una manipulaci\u00f3n segura y eficaz de las limas, permitiendo al dentista realizar procedimientos endod\u00f3nticos con mayor precisi\u00f3n y comodidad.<\/p>\n<p>Caracter\u00edsticas del endomotor inal\u00e1mbrico e-xtreme eighteeth<\/p>\n<ul>\n<li>Ligero, peque\u00f1o y ergonomico..<\/li>\n<li>Utiliza una pantalla t\u00e1ctil LCD a color para una visualizaci\u00f3n clara y completa. Muestra informaci\u00f3n relevante como la velocidad, el torque y la posici\u00f3n de la lima.<\/li>\n<li>La funci\u00f3n de control de torque ayuda a prevenir la rotura de la lima y puede funcionar en frecuencias de 50 Hz o 60 Hz.<\/li>\n<li>Rotaci\u00f3n contra-\u00e1ngulo 360\u00b0<\/li>\n<li>Contra-\u00e1ngulo en miniatura garantiza una mejor visibilidad y un acceso posterior m\u00e1s f\u00e1cil.<\/li>\n<li>Reduce el ruido desde el interior lo que permite experimentar tranquilidad.<\/li>\n<li>Funci\u00f3n de reciprocidad.<\/li>\n<li>Permite ajustar la velocidad de rotaci\u00f3n de las limas seg\u00fan las necesidades del tratamiento y las caracter\u00edsticas del conducto radicular.<\/li>\n<li>Regula la fuerza de rotaci\u00f3n de las limas para evitar roturas o sobreinstrumentaci\u00f3n.<\/li>\n<li>Permite guardar configuraciones personalizadas de velocidad y torque para diferentes procedimientos.<\/li>\n<\/ul>\n<p>Caracteristicas tecnicas<\/p>\n<ul class=\"ul1\">\n<li class=\"li5\">Peso 99gr<\/li>\n<li class=\"li5\">Rango de torque 0.5 Ncm- 4Ncm<\/li>\n<li>Fuente de alimentaci\u00f3n 100 V- 240 V<\/li>\n<li class=\"li5\">Frecuencia 50-60HZ<\/li>\n<li class=\"li5\">Rpm 120-650<\/li>\n<li class=\"li5\">Bater\u00eda interna de 650 Mah<\/li>\n<li class=\"li5\">Mini contrangulo de 23.5 gr<\/li>\n<\/ul>","protected":false},"excerpt":{"rendered":"<p>El endomotor inal\u00e1mbrico e-xtreme eighteeth es un dispositivo utilizado en odontolog\u00eda para realizar tratamientos de conductos radiculares con mayor precisi\u00f3n y eficiencia. La funci\u00f3n principal del endomotor inal\u00e1mbrico e-xtreme eighteeth&hellip;<\/p>","protected":false},"featured_media":5956,"comment_status":"open","ping_status":"closed","template":"","meta":{"_acf_changed":false,"_coblocks_attr":"","_coblocks_dimensions":"","_coblocks_responsive_height":"","_coblocks_accordion_ie_support":""},"product_cat":[21],"product_tag":[],"class_list":{"0":"post-5955","1":"product","2":"type-product","3":"status-publish","4":"has-post-thumbnail","6":"product_brand-eighteeth","7":"product_cat-equipos","9":"first","10":"instock","11":"shipping-taxable","12":"purchasable","13":"product-type-simple","14":"layout-style-1","15":"col-md-4 col-sm-4 col-xs-6","16":"col-lg-4","17":"product-has-gallery","18":"product-style-addtocart"},"acf":[],"jetpack_sharing_enabled":true,"_links":{"self":[{"href":"https:\/\/orthovzla.com\/en\/wp-json\/wp\/v2\/product\/5955","targetHints":{"allow":["GET"]}}],"collection":[{"href":"https:\/\/orthovzla.com\/en\/wp-json\/wp\/v2\/product"}],"about":[{"href":"https:\/\/orthovzla.com\/en\/wp-json\/wp\/v2\/types\/product"}],"replies":[{"embeddable":true,"href":"https:\/\/orthovzla.com\/en\/wp-json\/wp\/v2\/comments?post=5955"}],"wp:featuredmedia":[{"embeddable":true,"href":"https:\/\/orthovzla.com\/en\/wp-json\/wp\/v2\/media\/5956"}],"wp:attachment":[{"href":"https:\/\/orthovzla.com\/en\/wp-json\/wp\/v2\/media?parent=5955"}],"wp:term":[{"taxonomy":"product_cat","embeddable":true,"href":"https:\/\/orthovzla.com\/en\/wp-json\/wp\/v2\/product_cat?post=5955"},{"taxonomy":"product_tag","embeddable":true,"href":"https:\/\/orthovzla.com\/en\/wp-json\/wp\/v2\/product_tag?post=5955"}],"curies":[{"name":"wp","href":"https:\/\/api.w.org\/{rel}","templated":true}]}}