{"id":5953,"date":"2025-11-07T09:51:23","date_gmt":"2025-11-07T13:51:23","guid":{"rendered":"https:\/\/orthovzla.com\/?post_type=product&#038;p=5953"},"modified":"2026-04-23T14:45:54","modified_gmt":"2026-04-23T18:45:54","slug":"sensor-intraoral-nanopix-eighteeth-1-5","status":"publish","type":"product","link":"https:\/\/orthovzla.com\/en\/product\/sensor-intraoral-nanopix-eighteeth-1-5\/","title":{"rendered":"Sensor intraoral NanoPix Eighteeth 1.5"},"content":{"rendered":"<p>El sensor intraoral NanoPix eighteeth es un sensor intraoral digital utilizado en odontolog\u00eda para capturar im\u00e1genes radiogr\u00e1ficas de alta calidad de los dientes y estructuras \u00f3seas maxilares.<\/p>\n<p>Caracter\u00edsticas del sensor intraoral NanoPix eighteeth<\/p>\n<ul>\n<li>Sensor de rayos X intraoral utilizado en odontolog\u00eda para tomar im\u00e1genes dentales de alta calidad.<\/li>\n<li>Tiene una resoluci\u00f3n de alta calidad y un costo por paciente 1\/10 del costo del uso de pel\u00edcula radiogr\u00e1fica.<\/li>\n<li>3 segundos para completar todo el proceso de imagen.<\/li>\n<li>Dise\u00f1o ergon\u00f3mico.<\/li>\n<li>Software pre-instalado..<\/li>\n<li data-sourcepos=\"5:1-5:164\">Utiliza tecnolog\u00eda CMOS (semiconductor complementario de \u00f3xido met\u00e1lico) para convertir los rayos X en im\u00e1genes digitales de alta resoluci\u00f3n.<\/li>\n<li data-sourcepos=\"6:1-6:200\">Suele tener un grosor reducido (alrededor de 4.4 mm) y cierta flexibilidad, lo que facilita su colocaci\u00f3n c\u00f3moda en la boca del paciente y reduce la sensaci\u00f3n de incomodidad.<\/li>\n<li data-sourcepos=\"7:1-7:112\">Se conecta a la computadora a trav\u00e9s de un cable USB para transmitir las im\u00e1genes digitales.<\/li>\n<li data-sourcepos=\"8:1-8:139\">Funciona con software de imagenolog\u00eda dental espec\u00edfico para visualizar, almacenar y manipular las radiograf\u00edas.<\/li>\n<li data-sourcepos=\"8:1-8:139\">En comparaci\u00f3n con las pel\u00edculas radiogr\u00e1ficas tradicionales, los sensores digitales requieren una menor dosis de radiaci\u00f3n para generar im\u00e1genes de alta calidad.<\/li>\n<li data-sourcepos=\"9:1-10:0\">Disponible en 3 tama\u00f1os para adaptarse a las distintas necesidades cl\u00ednicas.<\/li>\n<\/ul>","protected":false},"excerpt":{"rendered":"<p>El sensor intraoral NanoPix eighteeth es un sensor intraoral digital utilizado en odontolog\u00eda para capturar im\u00e1genes radiogr\u00e1ficas de alta calidad de los dientes y estructuras \u00f3seas maxilares. Caracter\u00edsticas del sensor&hellip;<\/p>","protected":false},"featured_media":5954,"comment_status":"open","ping_status":"closed","template":"","meta":{"_acf_changed":false,"_coblocks_attr":"","_coblocks_dimensions":"","_coblocks_responsive_height":"","_coblocks_accordion_ie_support":""},"product_cat":[21],"product_tag":[],"class_list":{"0":"post-5953","1":"product","2":"type-product","3":"status-publish","4":"has-post-thumbnail","6":"product_brand-eighteeth","7":"product_cat-equipos","9":"first","10":"instock","11":"shipping-taxable","12":"purchasable","13":"product-type-simple","14":"layout-style-1","15":"col-md-4 col-sm-4 col-xs-6","16":"col-lg-4","17":"product-style-addtocart"},"acf":[],"jetpack_sharing_enabled":true,"_links":{"self":[{"href":"https:\/\/orthovzla.com\/en\/wp-json\/wp\/v2\/product\/5953","targetHints":{"allow":["GET"]}}],"collection":[{"href":"https:\/\/orthovzla.com\/en\/wp-json\/wp\/v2\/product"}],"about":[{"href":"https:\/\/orthovzla.com\/en\/wp-json\/wp\/v2\/types\/product"}],"replies":[{"embeddable":true,"href":"https:\/\/orthovzla.com\/en\/wp-json\/wp\/v2\/comments?post=5953"}],"wp:featuredmedia":[{"embeddable":true,"href":"https:\/\/orthovzla.com\/en\/wp-json\/wp\/v2\/media\/5954"}],"wp:attachment":[{"href":"https:\/\/orthovzla.com\/en\/wp-json\/wp\/v2\/media?parent=5953"}],"wp:term":[{"taxonomy":"product_cat","embeddable":true,"href":"https:\/\/orthovzla.com\/en\/wp-json\/wp\/v2\/product_cat?post=5953"},{"taxonomy":"product_tag","embeddable":true,"href":"https:\/\/orthovzla.com\/en\/wp-json\/wp\/v2\/product_tag?post=5953"}],"curies":[{"name":"wp","href":"https:\/\/api.w.org\/{rel}","templated":true}]}}