{"id":5951,"date":"2025-11-07T09:49:20","date_gmt":"2025-11-07T13:49:20","guid":{"rendered":"https:\/\/orthovzla.com\/?post_type=product&#038;p=5951"},"modified":"2026-04-23T14:45:54","modified_gmt":"2026-04-23T18:45:54","slug":"rayos-x-portatil-hyperlight-g-eighteeth","status":"publish","type":"product","link":"https:\/\/orthovzla.com\/en\/product\/rayos-x-portatil-hyperlight-g-eighteeth\/","title":{"rendered":"Rayos X port\u00e1til HyperLight-G Eighteeth"},"content":{"rendered":"<p>Unidad de rayos X port\u00e1til hyperlight-G eighteeth utilizada en odontolog\u00eda para tomar im\u00e1genes radiogr\u00e1ficas de alta calidad.<\/p>\n<p>Caracteristicas del rayos X port\u00e1til hyperlight-G eighteeth<\/p>\n<ul>\n<li>Tiene una bater\u00eda de gran capacidad, que permite tomar m\u00e1s de 300 exposiciones con una sola carga, y un sistema de bloqueo para garantizar una colocaci\u00f3n segura del sensor o la pel\u00edcula radiogr\u00e1fica.<\/li>\n<li>Par\u00e1metro preestablecido dividido en adultos y ni\u00f1os, se puede configurar y controlar para diferentes dientes.<\/li>\n<li>Sistema de angulaci\u00f3n inteligente hace su flujo de trabajo m\u00e1s r\u00e1pido.<\/li>\n<li>Seguro, port\u00e1til y econ\u00f3mico.<\/li>\n<li>Vida \u00fatil prolongada por lo menos 80.000 exposiciones.<\/li>\n<\/ul>","protected":false},"excerpt":{"rendered":"<p>Unidad de rayos X port\u00e1til hyperlight-G eighteeth utilizada en odontolog\u00eda para tomar im\u00e1genes radiogr\u00e1ficas de alta calidad. Caracteristicas del rayos X port\u00e1til hyperlight-G eighteeth Tiene una bater\u00eda de gran capacidad,&hellip;<\/p>","protected":false},"featured_media":5952,"comment_status":"open","ping_status":"closed","template":"","meta":{"_acf_changed":false,"_coblocks_attr":"","_coblocks_dimensions":"","_coblocks_responsive_height":"","_coblocks_accordion_ie_support":""},"product_cat":[21],"product_tag":[],"class_list":{"0":"post-5951","1":"product","2":"type-product","3":"status-publish","4":"has-post-thumbnail","6":"product_brand-eighteeth","7":"product_cat-equipos","9":"first","10":"instock","11":"shipping-taxable","12":"purchasable","13":"product-type-simple","14":"layout-style-1","15":"col-md-4 col-sm-4 col-xs-6","16":"col-lg-4","17":"product-style-addtocart"},"acf":[],"jetpack_sharing_enabled":true,"_links":{"self":[{"href":"https:\/\/orthovzla.com\/en\/wp-json\/wp\/v2\/product\/5951","targetHints":{"allow":["GET"]}}],"collection":[{"href":"https:\/\/orthovzla.com\/en\/wp-json\/wp\/v2\/product"}],"about":[{"href":"https:\/\/orthovzla.com\/en\/wp-json\/wp\/v2\/types\/product"}],"replies":[{"embeddable":true,"href":"https:\/\/orthovzla.com\/en\/wp-json\/wp\/v2\/comments?post=5951"}],"wp:featuredmedia":[{"embeddable":true,"href":"https:\/\/orthovzla.com\/en\/wp-json\/wp\/v2\/media\/5952"}],"wp:attachment":[{"href":"https:\/\/orthovzla.com\/en\/wp-json\/wp\/v2\/media?parent=5951"}],"wp:term":[{"taxonomy":"product_cat","embeddable":true,"href":"https:\/\/orthovzla.com\/en\/wp-json\/wp\/v2\/product_cat?post=5951"},{"taxonomy":"product_tag","embeddable":true,"href":"https:\/\/orthovzla.com\/en\/wp-json\/wp\/v2\/product_tag?post=5951"}],"curies":[{"name":"wp","href":"https:\/\/api.w.org\/{rel}","templated":true}]}}