{"id":5722,"date":"2025-10-28T10:56:48","date_gmt":"2025-10-28T14:56:48","guid":{"rendered":"https:\/\/orthovzla.com\/?post_type=product&#038;p=5722"},"modified":"2026-04-23T14:45:42","modified_gmt":"2026-04-23T18:45:42","slug":"pinza-removedora-de-brackets-omax","status":"publish","type":"product","link":"https:\/\/orthovzla.com\/en\/product\/pinza-removedora-de-brackets-omax\/","title":{"rendered":"Pinza removedora de brackets Omax"},"content":{"rendered":"<p>La pinza removedora de brackets Omax, tambi\u00e9n conocida como alicate para retirar brackets, esta dise\u00f1ada para descementar todos brackets.\u00a0Puede utilizarse mesial-distal (horizontal) o incisal-gingival (vertical) en la zona anterior y su \u00e1ngulo es perfecto para un f\u00e1cil acceso a \u00e1reas posteriores dif\u00edciles.<\/p>","protected":false},"excerpt":{"rendered":"<p>La pinza removedora de brackets Omax, tambi\u00e9n conocida como alicate para retirar brackets, esta dise\u00f1ada para descementar todos brackets.\u00a0Puede utilizarse mesial-distal (horizontal) o incisal-gingival (vertical) en la zona anterior y&hellip;<\/p>","protected":false},"featured_media":6001,"comment_status":"open","ping_status":"closed","template":"","meta":{"_acf_changed":false,"_coblocks_attr":"","_coblocks_dimensions":"","_coblocks_responsive_height":"","_coblocks_accordion_ie_support":""},"product_cat":[18,251],"product_tag":[],"class_list":{"0":"post-5722","1":"product","2":"type-product","3":"status-publish","4":"has-post-thumbnail","6":"product_brand-omax","7":"product_cat-ortho","8":"product_cat-pinzas","10":"first","11":"instock","12":"shipping-taxable","13":"purchasable","14":"product-type-simple","15":"layout-style-1","16":"col-md-4 col-sm-4 col-xs-6","17":"col-lg-4","18":"product-has-gallery","19":"product-style-addtocart"},"acf":[],"jetpack_sharing_enabled":true,"_links":{"self":[{"href":"https:\/\/orthovzla.com\/en\/wp-json\/wp\/v2\/product\/5722","targetHints":{"allow":["GET"]}}],"collection":[{"href":"https:\/\/orthovzla.com\/en\/wp-json\/wp\/v2\/product"}],"about":[{"href":"https:\/\/orthovzla.com\/en\/wp-json\/wp\/v2\/types\/product"}],"replies":[{"embeddable":true,"href":"https:\/\/orthovzla.com\/en\/wp-json\/wp\/v2\/comments?post=5722"}],"wp:featuredmedia":[{"embeddable":true,"href":"https:\/\/orthovzla.com\/en\/wp-json\/wp\/v2\/media\/6001"}],"wp:attachment":[{"href":"https:\/\/orthovzla.com\/en\/wp-json\/wp\/v2\/media?parent=5722"}],"wp:term":[{"taxonomy":"product_cat","embeddable":true,"href":"https:\/\/orthovzla.com\/en\/wp-json\/wp\/v2\/product_cat?post=5722"},{"taxonomy":"product_tag","embeddable":true,"href":"https:\/\/orthovzla.com\/en\/wp-json\/wp\/v2\/product_tag?post=5722"}],"curies":[{"name":"wp","href":"https:\/\/api.w.org\/{rel}","templated":true}]}}