{"id":5666,"date":"2025-10-24T09:40:47","date_gmt":"2025-10-24T13:40:47","guid":{"rendered":"https:\/\/orthovzla.com\/?post_type=product&#038;p=5666"},"modified":"2026-04-23T14:45:35","modified_gmt":"2026-04-23T18:45:35","slug":"gomas-intraorales-gc-orthodontics","status":"publish","type":"product","link":"https:\/\/orthovzla.com\/en\/product\/gomas-intraorales-gc-orthodontics\/","title":{"rendered":"Gomas intraorales GC Orthodontics"},"content":{"rendered":"<p>Las Gomas intraorales GC Orthodontics, tambi\u00e9n conocidas como el\u00e1sticos intraorales, sirven para encajar la oclusi\u00f3n acercando los dientes maxilares a los dientes mandibulares y viceversa, de forma que, cuando el paciente acabe su tratamiento de ortodoncia, tenga una mordida correcta.<\/p>\n<p>Caracter\u00edsticas<\/p>\n<ul>\n<li>Fabricadas en l\u00e1tex de alta calidad y alto grado m\u00e9dico.<\/li>\n<li>La fuerza declarada corresponde a la fuerza que ejerce el el\u00e1stico cuando se estira hasta 3 veces su di\u00e1metro original.<\/li>\n<li>Presentaci\u00f3n: 100 unidades.<\/li>\n<\/ul>","protected":false},"excerpt":{"rendered":"<p>Las Gomas intraorales GC Orthodontics, tambi\u00e9n conocidas como el\u00e1sticos intraorales, sirven para encajar la oclusi\u00f3n acercando los dientes maxilares a los dientes mandibulares y viceversa, de forma que, cuando el&hellip;<\/p>","protected":false},"featured_media":5667,"comment_status":"open","ping_status":"closed","template":"","meta":{"_acf_changed":false,"_coblocks_attr":"","_coblocks_dimensions":"","_coblocks_responsive_height":"","_coblocks_accordion_ie_support":""},"product_cat":[334,18],"product_tag":[],"class_list":{"0":"post-5666","1":"product","2":"type-product","3":"status-publish","4":"has-post-thumbnail","6":"product_brand-gc-orthodontics","7":"product_cat-elasticos","8":"product_cat-ortho","10":"first","11":"instock","12":"shipping-taxable","13":"purchasable","14":"product-type-variable","15":"has-default-attributes","16":"layout-style-1","17":"col-md-4 col-sm-4 col-xs-6","18":"col-lg-4","19":"product-style-addtocart"},"acf":[],"jetpack_sharing_enabled":true,"_links":{"self":[{"href":"https:\/\/orthovzla.com\/en\/wp-json\/wp\/v2\/product\/5666","targetHints":{"allow":["GET"]}}],"collection":[{"href":"https:\/\/orthovzla.com\/en\/wp-json\/wp\/v2\/product"}],"about":[{"href":"https:\/\/orthovzla.com\/en\/wp-json\/wp\/v2\/types\/product"}],"replies":[{"embeddable":true,"href":"https:\/\/orthovzla.com\/en\/wp-json\/wp\/v2\/comments?post=5666"}],"wp:featuredmedia":[{"embeddable":true,"href":"https:\/\/orthovzla.com\/en\/wp-json\/wp\/v2\/media\/5667"}],"wp:attachment":[{"href":"https:\/\/orthovzla.com\/en\/wp-json\/wp\/v2\/media?parent=5666"}],"wp:term":[{"taxonomy":"product_cat","embeddable":true,"href":"https:\/\/orthovzla.com\/en\/wp-json\/wp\/v2\/product_cat?post=5666"},{"taxonomy":"product_tag","embeddable":true,"href":"https:\/\/orthovzla.com\/en\/wp-json\/wp\/v2\/product_tag?post=5666"}],"curies":[{"name":"wp","href":"https:\/\/api.w.org\/{rel}","templated":true}]}}