{"id":5655,"date":"2025-10-21T11:19:12","date_gmt":"2025-10-21T15:19:12","guid":{"rendered":"https:\/\/orthovzla.com\/?post_type=product&#038;p=5655"},"modified":"2026-04-23T14:45:14","modified_gmt":"2026-04-23T18:45:14","slug":"pinza-curvo-conica-omax","status":"publish","type":"product","link":"https:\/\/orthovzla.com\/en\/product\/pinza-curvo-conica-omax\/","title":{"rendered":"Pinza curvo c\u00f3nica Omax"},"content":{"rendered":"<p>La pinza curvo c\u00f3nica Omax, tambi\u00e9n conocida como alicate curvo c\u00f3nico, se utiliza para contornear y formar arcos y alambres, mejorar los contornos de las coronas y remodelar bandas molares. Fabricada en acero inoxidable.<\/p>","protected":false},"excerpt":{"rendered":"<p>La pinza curvo c\u00f3nica Omax, tambi\u00e9n conocida como alicate curvo c\u00f3nico, se utiliza para contornear y formar arcos y alambres, mejorar los contornos de las coronas y remodelar bandas molares.&hellip;<\/p>","protected":false},"featured_media":5656,"comment_status":"open","ping_status":"closed","template":"","meta":{"_acf_changed":false,"_coblocks_attr":"","_coblocks_dimensions":"","_coblocks_responsive_height":"","_coblocks_accordion_ie_support":""},"product_cat":[18,251],"product_tag":[],"class_list":{"0":"post-5655","1":"product","2":"type-product","3":"status-publish","4":"has-post-thumbnail","6":"product_brand-omax","7":"product_cat-ortho","8":"product_cat-pinzas","10":"first","11":"instock","12":"shipping-taxable","13":"purchasable","14":"product-type-simple","15":"layout-style-1","16":"col-md-4 col-sm-4 col-xs-6","17":"col-lg-4","18":"product-has-gallery","19":"product-style-addtocart"},"acf":[],"jetpack_sharing_enabled":true,"_links":{"self":[{"href":"https:\/\/orthovzla.com\/en\/wp-json\/wp\/v2\/product\/5655","targetHints":{"allow":["GET"]}}],"collection":[{"href":"https:\/\/orthovzla.com\/en\/wp-json\/wp\/v2\/product"}],"about":[{"href":"https:\/\/orthovzla.com\/en\/wp-json\/wp\/v2\/types\/product"}],"replies":[{"embeddable":true,"href":"https:\/\/orthovzla.com\/en\/wp-json\/wp\/v2\/comments?post=5655"}],"wp:featuredmedia":[{"embeddable":true,"href":"https:\/\/orthovzla.com\/en\/wp-json\/wp\/v2\/media\/5656"}],"wp:attachment":[{"href":"https:\/\/orthovzla.com\/en\/wp-json\/wp\/v2\/media?parent=5655"}],"wp:term":[{"taxonomy":"product_cat","embeddable":true,"href":"https:\/\/orthovzla.com\/en\/wp-json\/wp\/v2\/product_cat?post=5655"},{"taxonomy":"product_tag","embeddable":true,"href":"https:\/\/orthovzla.com\/en\/wp-json\/wp\/v2\/product_tag?post=5655"}],"curies":[{"name":"wp","href":"https:\/\/api.w.org\/{rel}","templated":true}]}}