{"id":5649,"date":"2025-10-21T11:08:35","date_gmt":"2025-10-21T15:08:35","guid":{"rendered":"https:\/\/orthovzla.com\/?post_type=product&#038;p=5649"},"modified":"2026-04-23T14:45:14","modified_gmt":"2026-04-23T18:45:14","slug":"pinza-removedora-de-brackets-orthoclassic","status":"publish","type":"product","link":"https:\/\/orthovzla.com\/en\/product\/pinza-removedora-de-brackets-orthoclassic\/","title":{"rendered":"Pinza removedora de brackets Orthoclassic"},"content":{"rendered":"<p>La pinza removedora de brackets Orthoclassic esta fabricada con un dise\u00f1o de calidad permite la f\u00e1cil remoci\u00f3n de los brackets adheridos sin causar molestias al paciente.<\/p>\n<p>Caracter\u00edsticas<\/p>\n<ul>\n<li>Sus bordes diamantados y afinados con precisi\u00f3n trabajan en todo tipo de brackets.<\/li>\n<li>Ancho de punta de 3 mm.<\/li>\n<\/ul>","protected":false},"excerpt":{"rendered":"<p>La pinza removedora de brackets Orthoclassic esta fabricada con un dise\u00f1o de calidad permite la f\u00e1cil remoci\u00f3n de los brackets adheridos sin causar molestias al paciente. Caracter\u00edsticas Sus bordes diamantados&hellip;<\/p>","protected":false},"featured_media":5650,"comment_status":"open","ping_status":"closed","template":"","meta":{"_acf_changed":false,"_coblocks_attr":"","_coblocks_dimensions":"","_coblocks_responsive_height":"","_coblocks_accordion_ie_support":""},"product_cat":[18,251],"product_tag":[24,253,369],"class_list":{"0":"post-5649","1":"product","2":"type-product","3":"status-publish","4":"has-post-thumbnail","6":"product_brand-orthoclassic","7":"product_cat-ortho","8":"product_cat-pinzas","9":"product_tag-brackets","10":"product_tag-pinzas","11":"product_tag-removedora","13":"first","14":"instock","15":"shipping-taxable","16":"purchasable","17":"product-type-simple","18":"layout-style-1","19":"col-md-4 col-sm-4 col-xs-6","20":"col-lg-4","21":"product-has-gallery","22":"product-style-addtocart"},"acf":[],"jetpack_sharing_enabled":true,"_links":{"self":[{"href":"https:\/\/orthovzla.com\/en\/wp-json\/wp\/v2\/product\/5649","targetHints":{"allow":["GET"]}}],"collection":[{"href":"https:\/\/orthovzla.com\/en\/wp-json\/wp\/v2\/product"}],"about":[{"href":"https:\/\/orthovzla.com\/en\/wp-json\/wp\/v2\/types\/product"}],"replies":[{"embeddable":true,"href":"https:\/\/orthovzla.com\/en\/wp-json\/wp\/v2\/comments?post=5649"}],"wp:featuredmedia":[{"embeddable":true,"href":"https:\/\/orthovzla.com\/en\/wp-json\/wp\/v2\/media\/5650"}],"wp:attachment":[{"href":"https:\/\/orthovzla.com\/en\/wp-json\/wp\/v2\/media?parent=5649"}],"wp:term":[{"taxonomy":"product_cat","embeddable":true,"href":"https:\/\/orthovzla.com\/en\/wp-json\/wp\/v2\/product_cat?post=5649"},{"taxonomy":"product_tag","embeddable":true,"href":"https:\/\/orthovzla.com\/en\/wp-json\/wp\/v2\/product_tag?post=5649"}],"curies":[{"name":"wp","href":"https:\/\/api.w.org\/{rel}","templated":true}]}}