{"id":5638,"date":"2025-10-17T09:52:01","date_gmt":"2025-10-17T13:52:01","guid":{"rendered":"https:\/\/orthovzla.com\/?post_type=product&#038;p=5638"},"modified":"2026-04-23T14:45:12","modified_gmt":"2026-04-23T18:45:12","slug":"kit-de-resina-light-bond-reliance","status":"publish","type":"product","link":"https:\/\/orthovzla.com\/en\/product\/kit-de-resina-light-bond-reliance\/","title":{"rendered":"Kit de resina light bond Reliance"},"content":{"rendered":"<p>El kit de resina light bond Reliance es una resina fotocurada para adhesi\u00f3n de brackets de todo tipo (met\u00e1lico, cer\u00e1mico, de resina, y zafiros) que libera fl\u00faor, de consistencia firme, pegajosa que no permite que el bracket se deslice facilitando su posicionamiento. Tiene color blanquecino que al ser fotocurado se vuelve translucido mimetizando con el diente<\/p>\n<p>El kit contiene:<\/p>\n<ul>\n<li>4 jeringas de 5 gramos cada una.<\/li>\n<li>2 adhesivos de 3 cc cada uno.<\/li>\n<li>Acido de grabado.<\/li>\n<li>Block de papel encerado de mezcla.<\/li>\n<li>Esp\u00e1tulas<\/li>\n<\/ul>\n<p>Conserve a temperatura ambiente (15-25\u00b0C).<\/p>","protected":false},"excerpt":{"rendered":"<p>El kit de resina light bond Reliance es una resina fotocurada para adhesi\u00f3n de brackets de todo tipo (met\u00e1lico, cer\u00e1mico, de resina, y zafiros) que libera fl\u00faor, de consistencia firme,&hellip;<\/p>","protected":false},"featured_media":5639,"comment_status":"open","ping_status":"closed","template":"","meta":{"_acf_changed":false,"_coblocks_attr":"","_coblocks_dimensions":"","_coblocks_responsive_height":"","_coblocks_accordion_ie_support":""},"product_cat":[337,18],"product_tag":[365],"class_list":{"0":"post-5638","1":"product","2":"type-product","3":"status-publish","4":"has-post-thumbnail","6":"product_brand-reliance","7":"product_cat-adhesion","8":"product_cat-ortho","9":"product_tag-resinas","11":"first","12":"instock","13":"shipping-taxable","14":"purchasable","15":"product-type-simple","16":"layout-style-1","17":"col-md-4 col-sm-4 col-xs-6","18":"col-lg-4","19":"product-has-gallery","20":"product-style-addtocart"},"acf":[],"jetpack_sharing_enabled":true,"_links":{"self":[{"href":"https:\/\/orthovzla.com\/en\/wp-json\/wp\/v2\/product\/5638","targetHints":{"allow":["GET"]}}],"collection":[{"href":"https:\/\/orthovzla.com\/en\/wp-json\/wp\/v2\/product"}],"about":[{"href":"https:\/\/orthovzla.com\/en\/wp-json\/wp\/v2\/types\/product"}],"replies":[{"embeddable":true,"href":"https:\/\/orthovzla.com\/en\/wp-json\/wp\/v2\/comments?post=5638"}],"wp:featuredmedia":[{"embeddable":true,"href":"https:\/\/orthovzla.com\/en\/wp-json\/wp\/v2\/media\/5639"}],"wp:attachment":[{"href":"https:\/\/orthovzla.com\/en\/wp-json\/wp\/v2\/media?parent=5638"}],"wp:term":[{"taxonomy":"product_cat","embeddable":true,"href":"https:\/\/orthovzla.com\/en\/wp-json\/wp\/v2\/product_cat?post=5638"},{"taxonomy":"product_tag","embeddable":true,"href":"https:\/\/orthovzla.com\/en\/wp-json\/wp\/v2\/product_tag?post=5638"}],"curies":[{"name":"wp","href":"https:\/\/api.w.org\/{rel}","templated":true}]}}