{"id":5633,"date":"2025-10-17T09:25:48","date_gmt":"2025-10-17T13:25:48","guid":{"rendered":"https:\/\/orthovzla.com\/?post_type=product&#038;p=5633"},"modified":"2026-04-23T14:45:11","modified_gmt":"2026-04-23T18:45:11","slug":"resina-de-curado-ligero-gni","status":"publish","type":"product","link":"https:\/\/orthovzla.com\/en\/product\/resina-de-curado-ligero-gni\/","title":{"rendered":"Resina de curado ligero GNI"},"content":{"rendered":"<div class=\"elementor-element elementor-element-e3e0197 elementor-widget elementor-widget-heading\" data-id=\"e3e0197\" data-element_type=\"widget\" data-widget_type=\"heading.default\">\n<div class=\"elementor-widget-container\">\n<h3 class=\"elementor-heading-title elementor-size-default\"><span style=\"color: #7c7c80; font-size: 14px;\">La resina de curado ligero GNI es una pasta adhesiva de ortodoncia fotopolimerizable. Es una opci\u00f3n fuerte y duradera para la cementaci\u00f3n de brackets.<\/span><\/h3>\n<\/div>\n<\/div>\n<div class=\"elementor-element elementor-element-bf9fef8 elementor-widget elementor-widget-woocommerce-product-content\" data-id=\"bf9fef8\" data-element_type=\"widget\" data-widget_type=\"woocommerce-product-content.default\">\n<div class=\"elementor-widget-container\">\n<p data-sourcepos=\"8:1-8:32\">Caracter\u00edsticas principales de la resina de curado ligero GNI<\/p>\n<ul data-sourcepos=\"10:1-14:0\">\n<li data-sourcepos=\"10:1-10:136\">Libera fl\u00faor que ayuda a fortalecer el esmalte dental y prevenir la caries.<\/li>\n<li data-sourcepos=\"11:1-11:126\">Es biocompatible lo que significa que es segura para su uso en la boca.<\/li>\n<li data-sourcepos=\"12:1-12:84\">F\u00e1cil de mezclar y aplicar.<\/li>\n<li data-sourcepos=\"13:1-14:0\">Fragua r\u00e1pidamente, lo que permite volver a su rutina normal de inmediato.<\/li>\n<li data-sourcepos=\"13:1-14:0\">Presentaci\u00f3n: 1 jeringa de 5 gramos.<\/li>\n<\/ul>\n<p data-sourcepos=\"15:1-15:25\">Procedimiento de uso:<\/p>\n<ul data-sourcepos=\"17:1-21:0\">\n<li data-sourcepos=\"17:1-17:72\">Preparar el diente: El diente se prepara limpi\u00e1ndolo y sec\u00e1ndolo.<\/li>\n<li data-sourcepos=\"18:1-18:117\">Mezclar la resina: La resina de adhesivo ligero GNI se mezcla de acuerdo con las instrucciones del fabricante.<\/li>\n<li data-sourcepos=\"19:1-19:93\">Aplicar la resina: La resina de adhesivo ligero GNI se aplica al diente y se da forma.<\/li>\n<li data-sourcepos=\"20:1-21:0\">Fotopolimerizar: La resina de adhesivo ligero GNI se cura con una l\u00e1mpara de luz durante el tiempo recomendado por el fabricante.<\/li>\n<\/ul>\n<\/div>\n<\/div>","protected":false},"excerpt":{"rendered":"<p>La resina de curado ligero GNI es una pasta adhesiva de ortodoncia fotopolimerizable. Es una opci\u00f3n fuerte y duradera para la cementaci\u00f3n de brackets. Caracter\u00edsticas principales de la resina de&hellip;<\/p>","protected":false},"featured_media":5634,"comment_status":"open","ping_status":"closed","template":"","meta":{"_acf_changed":false,"_coblocks_attr":"","_coblocks_dimensions":"","_coblocks_responsive_height":"","_coblocks_accordion_ie_support":""},"product_cat":[337,18],"product_tag":[364,362],"class_list":{"0":"post-5633","1":"product","2":"type-product","3":"status-publish","4":"has-post-thumbnail","6":"product_brand-gni","7":"product_cat-adhesion","8":"product_cat-ortho","9":"product_tag-curado-ligero","10":"product_tag-resina","12":"first","13":"instock","14":"shipping-taxable","15":"purchasable","16":"product-type-simple","17":"layout-style-1","18":"col-md-4 col-sm-4 col-xs-6","19":"col-lg-4","20":"product-has-gallery","21":"product-style-addtocart"},"acf":[],"jetpack_sharing_enabled":true,"_links":{"self":[{"href":"https:\/\/orthovzla.com\/en\/wp-json\/wp\/v2\/product\/5633","targetHints":{"allow":["GET"]}}],"collection":[{"href":"https:\/\/orthovzla.com\/en\/wp-json\/wp\/v2\/product"}],"about":[{"href":"https:\/\/orthovzla.com\/en\/wp-json\/wp\/v2\/types\/product"}],"replies":[{"embeddable":true,"href":"https:\/\/orthovzla.com\/en\/wp-json\/wp\/v2\/comments?post=5633"}],"wp:featuredmedia":[{"embeddable":true,"href":"https:\/\/orthovzla.com\/en\/wp-json\/wp\/v2\/media\/5634"}],"wp:attachment":[{"href":"https:\/\/orthovzla.com\/en\/wp-json\/wp\/v2\/media?parent=5633"}],"wp:term":[{"taxonomy":"product_cat","embeddable":true,"href":"https:\/\/orthovzla.com\/en\/wp-json\/wp\/v2\/product_cat?post=5633"},{"taxonomy":"product_tag","embeddable":true,"href":"https:\/\/orthovzla.com\/en\/wp-json\/wp\/v2\/product_tag?post=5633"}],"curies":[{"name":"wp","href":"https:\/\/api.w.org\/{rel}","templated":true}]}}