{"id":5631,"date":"2025-10-17T09:20:47","date_gmt":"2025-10-17T13:20:47","guid":{"rendered":"https:\/\/orthovzla.com\/?post_type=product&#038;p=5631"},"modified":"2026-04-23T14:45:10","modified_gmt":"2026-04-23T18:45:10","slug":"resina-light-bond-reliance","status":"publish","type":"product","link":"https:\/\/orthovzla.com\/en\/product\/resina-light-bond-reliance\/","title":{"rendered":"Resina light bond Reliance"},"content":{"rendered":"<div class=\"elementor-element elementor-element-e3e0197 elementor-widget elementor-widget-heading\" data-id=\"e3e0197\" data-element_type=\"widget\" data-widget_type=\"heading.default\">\n<div class=\"elementor-widget-container\">\n<h3 class=\"elementor-heading-title elementor-size-default\"><span style=\"color: #7c7c80; font-size: 14px;\">La resina light bond Reliance es una pasta para adhesi\u00f3n de brackets de todo tipo (met\u00e1lico, cer\u00e1mico, de resina, y zafiros) que libera fl\u00faor, de consistencia firme, pegajosa que no permite que el bracket se deslice facilitando as\u00ed su posicionamiento.<\/span><\/h3>\n<\/div>\n<\/div>\n<div class=\"elementor-element elementor-element-bf9fef8 elementor-widget elementor-widget-woocommerce-product-content\" data-id=\"bf9fef8\" data-element_type=\"widget\" data-widget_type=\"woocommerce-product-content.default\">\n<div class=\"elementor-widget-container\">\n<p>Caracter\u00edsticas de la resina light bond Reliance<\/p>\n<ul>\n<li>Tiene color blanquecino que al ser fotocurado se vuelve translucido mimetizando con el diente.<\/li>\n<li>Viscosidad pegajosa que evita la flotaci\u00f3n del bracket o dispositivo que se vaya a cementar.<\/li>\n<li>Tiempo de trabajo que permite el correcto posicionamiento del bracket y la remoci\u00f3n de los excedentes antes de fotopolimerizar.<\/li>\n<li>Conserve a temperatura ambiente (15-25\u00b0C). Evite el exceso de temperatura. Deje que el producto alcance la temperatura ambiente antes de usarlo.<\/li>\n<li>Presentaci\u00f3n: 5 gramos.<\/li>\n<\/ul>\n<\/div>\n<\/div>","protected":false},"excerpt":{"rendered":"<p>La resina light bond Reliance es una pasta para adhesi\u00f3n de brackets de todo tipo (met\u00e1lico, cer\u00e1mico, de resina, y zafiros) que libera fl\u00faor, de consistencia firme, pegajosa que no&hellip;<\/p>","protected":false},"featured_media":5632,"comment_status":"open","ping_status":"closed","template":"","meta":{"_acf_changed":false,"_coblocks_attr":"","_coblocks_dimensions":"","_coblocks_responsive_height":"","_coblocks_accordion_ie_support":""},"product_cat":[337,18],"product_tag":[361,362],"class_list":{"0":"post-5631","1":"product","2":"type-product","3":"status-publish","4":"has-post-thumbnail","6":"product_brand-reliance","7":"product_cat-adhesion","8":"product_cat-ortho","9":"product_tag-reliance","10":"product_tag-resina","12":"first","13":"instock","14":"shipping-taxable","15":"purchasable","16":"product-type-simple","17":"layout-style-1","18":"col-md-4 col-sm-4 col-xs-6","19":"col-lg-4","20":"product-style-addtocart"},"acf":[],"jetpack_sharing_enabled":true,"_links":{"self":[{"href":"https:\/\/orthovzla.com\/en\/wp-json\/wp\/v2\/product\/5631","targetHints":{"allow":["GET"]}}],"collection":[{"href":"https:\/\/orthovzla.com\/en\/wp-json\/wp\/v2\/product"}],"about":[{"href":"https:\/\/orthovzla.com\/en\/wp-json\/wp\/v2\/types\/product"}],"replies":[{"embeddable":true,"href":"https:\/\/orthovzla.com\/en\/wp-json\/wp\/v2\/comments?post=5631"}],"wp:featuredmedia":[{"embeddable":true,"href":"https:\/\/orthovzla.com\/en\/wp-json\/wp\/v2\/media\/5632"}],"wp:attachment":[{"href":"https:\/\/orthovzla.com\/en\/wp-json\/wp\/v2\/media?parent=5631"}],"wp:term":[{"taxonomy":"product_cat","embeddable":true,"href":"https:\/\/orthovzla.com\/en\/wp-json\/wp\/v2\/product_cat?post=5631"},{"taxonomy":"product_tag","embeddable":true,"href":"https:\/\/orthovzla.com\/en\/wp-json\/wp\/v2\/product_tag?post=5631"}],"curies":[{"name":"wp","href":"https:\/\/api.w.org\/{rel}","templated":true}]}}