{"id":5587,"date":"2025-10-16T14:56:27","date_gmt":"2025-10-16T18:56:27","guid":{"rendered":"https:\/\/orthovzla.com\/?post_type=product&#038;p=5587"},"modified":"2026-04-23T14:45:00","modified_gmt":"2026-04-23T18:45:00","slug":"arcos-termoactivo-3b-orthodontics-redondo","status":"publish","type":"product","link":"https:\/\/orthovzla.com\/en\/product\/arcos-termoactivo-3b-orthodontics-redondo\/","title":{"rendered":"Arcos termoactivo 3B Orthodontics Redondo"},"content":{"rendered":"<p>Los arcos termoactivo 3B Orthodontics son arcos t\u00e9rmicos con aleaci\u00f3n de n\u00edquel-titanio flexibles en temperaturas menores a 5\u00baC que gracias a sus propiedades t\u00e9rmicas permiten la activaci\u00f3n \u00f3ptima del arco a 30\u00baC. Gracias a este atributo puede utilizarse en cualquier caso de maloclusiones permitiendo tratar al paciente con una mayor comodidad a trav\u00e9s del repertorio de medidas.<\/p>\n<p>Caracter\u00edsticas<\/p>\n<ul>\n<li>Forma natural.<\/li>\n<li>Las superficies son pulidas y presentan un acabado mate.<\/li>\n<li>Este producto contiene n\u00edquel y puede ocasionar reacciones al\u00e9rgicas en ciertos pacientes.<\/li>\n<li>Presentaci\u00f3n: 10 unidades.<\/li>\n<\/ul>","protected":false},"excerpt":{"rendered":"<p>Los arcos termoactivo 3B Orthodontics son arcos t\u00e9rmicos con aleaci\u00f3n de n\u00edquel-titanio flexibles en temperaturas menores a 5\u00baC que gracias a sus propiedades t\u00e9rmicas permiten la activaci\u00f3n \u00f3ptima del arco&hellip;<\/p>","protected":false},"featured_media":5598,"comment_status":"open","ping_status":"closed","template":"","meta":{"_acf_changed":false,"_coblocks_attr":"","_coblocks_dimensions":"","_coblocks_responsive_height":"","_coblocks_accordion_ie_support":""},"product_cat":[30,18],"product_tag":[358],"class_list":{"0":"post-5587","1":"product","2":"type-product","3":"status-publish","4":"has-post-thumbnail","6":"product_brand-3b","7":"product_cat-arcos","8":"product_cat-ortho","9":"product_tag-termoactivos","11":"first","12":"instock","13":"shipping-taxable","14":"purchasable","15":"product-type-variable","16":"has-default-attributes","17":"layout-style-1","18":"col-md-4 col-sm-4 col-xs-6","19":"col-lg-4","20":"product-has-gallery","21":"product-style-addtocart"},"acf":[],"jetpack_sharing_enabled":true,"_links":{"self":[{"href":"https:\/\/orthovzla.com\/en\/wp-json\/wp\/v2\/product\/5587","targetHints":{"allow":["GET"]}}],"collection":[{"href":"https:\/\/orthovzla.com\/en\/wp-json\/wp\/v2\/product"}],"about":[{"href":"https:\/\/orthovzla.com\/en\/wp-json\/wp\/v2\/types\/product"}],"replies":[{"embeddable":true,"href":"https:\/\/orthovzla.com\/en\/wp-json\/wp\/v2\/comments?post=5587"}],"wp:featuredmedia":[{"embeddable":true,"href":"https:\/\/orthovzla.com\/en\/wp-json\/wp\/v2\/media\/5598"}],"wp:attachment":[{"href":"https:\/\/orthovzla.com\/en\/wp-json\/wp\/v2\/media?parent=5587"}],"wp:term":[{"taxonomy":"product_cat","embeddable":true,"href":"https:\/\/orthovzla.com\/en\/wp-json\/wp\/v2\/product_cat?post=5587"},{"taxonomy":"product_tag","embeddable":true,"href":"https:\/\/orthovzla.com\/en\/wp-json\/wp\/v2\/product_tag?post=5587"}],"curies":[{"name":"wp","href":"https:\/\/api.w.org\/{rel}","templated":true}]}}