{"id":5578,"date":"2025-10-16T14:51:14","date_gmt":"2025-10-16T18:51:14","guid":{"rendered":"https:\/\/orthovzla.com\/?post_type=product&#038;p=5578"},"modified":"2026-04-23T14:44:47","modified_gmt":"2026-04-23T18:44:47","slug":"arcos-nitinol-3b-orthodontics-rectangular","status":"publish","type":"product","link":"https:\/\/orthovzla.com\/en\/product\/arcos-nitinol-3b-orthodontics-rectangular\/","title":{"rendered":"Arcos nitinol 3B Orthodontics Rectangular"},"content":{"rendered":"<p>Los arcos nitinol 3B Orthodontics son arcos superel\u00e1sticos con aleaci\u00f3n de n\u00edquel-titanio flexibles<\/p>\n<p>Caracter\u00edsticas<\/p>\n<ul>\n<li>Memoria de forma.<\/li>\n<li>Liberan fuerzas suaves y constantes en comparaci\u00f3n con el acero inoxidable.<\/li>\n<li>No sufren deformaciones permanentes.<\/li>\n<li>Forma natural.<\/li>\n<li>Producto contiene N\u00edquel que puede causar reacciones al\u00e9rgicas en individuos sensibles<\/li>\n<li>Presentaci\u00f3n: 10 unidades.<\/li>\n<\/ul>","protected":false},"excerpt":{"rendered":"<p>Los arcos nitinol 3B Orthodontics son arcos superel\u00e1sticos con aleaci\u00f3n de n\u00edquel-titanio flexibles Caracter\u00edsticas Memoria de forma. Liberan fuerzas suaves y constantes en comparaci\u00f3n con el acero inoxidable. No sufren&hellip;<\/p>","protected":false},"featured_media":5576,"comment_status":"open","ping_status":"closed","template":"","meta":{"_acf_changed":false,"_coblocks_attr":"","_coblocks_dimensions":"","_coblocks_responsive_height":"","_coblocks_accordion_ie_support":""},"product_cat":[30,18],"product_tag":[],"class_list":{"0":"post-5578","1":"product","2":"type-product","3":"status-publish","4":"has-post-thumbnail","6":"product_brand-3b","7":"product_cat-arcos","8":"product_cat-ortho","10":"first","11":"instock","12":"shipping-taxable","13":"purchasable","14":"product-type-variable","15":"has-default-attributes","16":"layout-style-1","17":"col-md-4 col-sm-4 col-xs-6","18":"col-lg-4","19":"product-has-gallery","20":"product-style-addtocart"},"acf":[],"jetpack_sharing_enabled":true,"_links":{"self":[{"href":"https:\/\/orthovzla.com\/en\/wp-json\/wp\/v2\/product\/5578","targetHints":{"allow":["GET"]}}],"collection":[{"href":"https:\/\/orthovzla.com\/en\/wp-json\/wp\/v2\/product"}],"about":[{"href":"https:\/\/orthovzla.com\/en\/wp-json\/wp\/v2\/types\/product"}],"replies":[{"embeddable":true,"href":"https:\/\/orthovzla.com\/en\/wp-json\/wp\/v2\/comments?post=5578"}],"wp:featuredmedia":[{"embeddable":true,"href":"https:\/\/orthovzla.com\/en\/wp-json\/wp\/v2\/media\/5576"}],"wp:attachment":[{"href":"https:\/\/orthovzla.com\/en\/wp-json\/wp\/v2\/media?parent=5578"}],"wp:term":[{"taxonomy":"product_cat","embeddable":true,"href":"https:\/\/orthovzla.com\/en\/wp-json\/wp\/v2\/product_cat?post=5578"},{"taxonomy":"product_tag","embeddable":true,"href":"https:\/\/orthovzla.com\/en\/wp-json\/wp\/v2\/product_tag?post=5578"}],"curies":[{"name":"wp","href":"https:\/\/api.w.org\/{rel}","templated":true}]}}