{"id":5556,"date":"2025-10-16T10:57:53","date_gmt":"2025-10-16T14:57:53","guid":{"rendered":"https:\/\/orthovzla.com\/?post_type=product&#038;p=5556"},"modified":"2026-04-23T14:44:26","modified_gmt":"2026-04-23T18:44:26","slug":"bracket-autoligado-metalico-meite","status":"publish","type":"product","link":"https:\/\/orthovzla.com\/en\/product\/bracket-autoligado-metalico-meite\/","title":{"rendered":"Bracket autoligado metalico Meite"},"content":{"rendered":"<p>Mejor acabado<\/p>\n<p>La tecnolog\u00eda de m\u00e1quina de alta velocidad combinada con nuevas pr\u00e1cticas en el proceso de fabricaci\u00f3n MIM (moldeo por inyecci\u00f3n de metal) dan como resultado un bracket preciso en prescripciones con excelente acabado superficial.<\/p>\n<p>Mejor ajuste y retenci\u00f3n<\/p>\n<p>Base m\u00e1s anat\u00f3mica para una mejor retenci\u00f3n.<\/p>\n<p>El nuevo dise\u00f1o del pasador y el aumento del \u00e1rea de retenci\u00f3n garantizan una mayor eficiencia de adhesi\u00f3n, brindando mayor seguridad al ortodoncista.<\/p>\n<p>Mejor alojamiento para ligaduras y mayor comodidad.<\/p>\n<p>El dise\u00f1o de las alas gemelas permite una mejor acomodaci\u00f3n y retenci\u00f3n de las ligaduras el\u00e1sticas, adem\u00e1s de un control rotacional y una menor fricci\u00f3n.<\/p>\n<p>Perfil bajo, ganchos y bordes redondeados para comodidad del paciente.<\/p>","protected":false},"excerpt":{"rendered":"<p>Mejor acabado La tecnolog\u00eda de m\u00e1quina de alta velocidad combinada con nuevas pr\u00e1cticas en el proceso de fabricaci\u00f3n MIM (moldeo por inyecci\u00f3n de metal) dan como resultado un bracket preciso&hellip;<\/p>","protected":false},"featured_media":5933,"comment_status":"open","ping_status":"closed","template":"","meta":{"_acf_changed":false,"_coblocks_attr":"","_coblocks_dimensions":"","_coblocks_responsive_height":"","_coblocks_accordion_ie_support":""},"product_cat":[22,331,18],"product_tag":[326],"class_list":{"0":"post-5556","1":"product","2":"type-product","3":"status-publish","4":"has-post-thumbnail","6":"product_brand-meite","7":"product_cat-brackets","8":"product_cat-metalicos","9":"product_cat-ortho","10":"product_tag-autoligado","12":"first","13":"instock","14":"shipping-taxable","15":"purchasable","16":"product-type-simple","17":"layout-style-1","18":"col-md-4 col-sm-4 col-xs-6","19":"col-lg-4","20":"product-style-addtocart"},"acf":[],"jetpack_sharing_enabled":true,"_links":{"self":[{"href":"https:\/\/orthovzla.com\/en\/wp-json\/wp\/v2\/product\/5556","targetHints":{"allow":["GET"]}}],"collection":[{"href":"https:\/\/orthovzla.com\/en\/wp-json\/wp\/v2\/product"}],"about":[{"href":"https:\/\/orthovzla.com\/en\/wp-json\/wp\/v2\/types\/product"}],"replies":[{"embeddable":true,"href":"https:\/\/orthovzla.com\/en\/wp-json\/wp\/v2\/comments?post=5556"}],"wp:featuredmedia":[{"embeddable":true,"href":"https:\/\/orthovzla.com\/en\/wp-json\/wp\/v2\/media\/5933"}],"wp:attachment":[{"href":"https:\/\/orthovzla.com\/en\/wp-json\/wp\/v2\/media?parent=5556"}],"wp:term":[{"taxonomy":"product_cat","embeddable":true,"href":"https:\/\/orthovzla.com\/en\/wp-json\/wp\/v2\/product_cat?post=5556"},{"taxonomy":"product_tag","embeddable":true,"href":"https:\/\/orthovzla.com\/en\/wp-json\/wp\/v2\/product_tag?post=5556"}],"curies":[{"name":"wp","href":"https:\/\/api.w.org\/{rel}","templated":true}]}}