{"id":5415,"date":"2025-10-03T09:48:01","date_gmt":"2025-10-03T13:48:01","guid":{"rendered":"https:\/\/orthovzla.com\/?post_type=product&#038;p=5415"},"modified":"2026-04-23T14:43:52","modified_gmt":"2026-04-23T18:43:52","slug":"brackets-cepass-pro-3b-orthodontics","status":"publish","type":"product","link":"https:\/\/orthovzla.com\/en\/product\/brackets-cepass-pro-3b-orthodontics\/","title":{"rendered":"Brackets CePass Pro 3B Orthodontics"},"content":{"rendered":"<p>El caso de brackets Ce Pass Pro 3B Orthodontics es un caso de cer\u00e1mica policristalina de alta pureza.<\/p>\n<p>Caracter\u00edsticas del caso de brackets Ce Pass Pro 3B Orthodontics<\/p>\n<ul>\n<li>M\u00e1s transparente e invisible, suave y seguro, forma redondeada y m\u00e1s c\u00f3moda, mayor resistencia, ranura lisa, mayor fuerza de uni\u00f3n.<\/li>\n<li>Sistema de bloqueo patentado.<\/li>\n<li>Autoligable.<\/li>\n<li>M\u00e1s fuerte, m\u00e1s transparente y m\u00e1s suave.<\/li>\n<li>Proceso CIM (ceramic injection molding).<\/li>\n<li>Estructura de clip s\u00faper el\u00e1stico NiTi.<\/li>\n<li>Hook en 3,4 y 5 superior e inferior (apertura del clip ambos hacia oclusal).<\/li>\n<li>Alta eficiencia y resistencia, ajuste preciso (dise\u00f1o de base de ranura), c\u00f3modo (apariencia suave, perfil bajo, forma y estructura redondeadas).<\/li>\n<li>Clip deslizante pasivo de f\u00e1cil operaci\u00f3n.<\/li>\n<li>20 piezas.<\/li>\n<\/ul>","protected":false},"excerpt":{"rendered":"<p>El caso de brackets Ce Pass Pro 3B Orthodontics es un caso de cer\u00e1mica policristalina de alta pureza.<\/p>","protected":false},"featured_media":5416,"comment_status":"open","ping_status":"closed","template":"","meta":{"_acf_changed":false,"_coblocks_attr":"","_coblocks_dimensions":"","_coblocks_responsive_height":"","_coblocks_accordion_ie_support":""},"product_cat":[22,332,18],"product_tag":[329,330,322],"class_list":{"0":"post-5415","1":"product","2":"type-product","3":"status-publish","4":"has-post-thumbnail","6":"product_brand-3b","7":"product_cat-brackets","8":"product_cat-esteticos","9":"product_cat-ortho","10":"product_tag-autoligados","11":"product_tag-ceramica","12":"product_tag-roth","14":"first","15":"instock","16":"shipping-taxable","17":"purchasable","18":"product-type-simple","19":"layout-style-1","20":"col-md-4 col-sm-4 col-xs-6","21":"col-lg-4","22":"product-has-gallery","23":"product-style-addtocart"},"acf":[],"jetpack_sharing_enabled":true,"_links":{"self":[{"href":"https:\/\/orthovzla.com\/en\/wp-json\/wp\/v2\/product\/5415","targetHints":{"allow":["GET"]}}],"collection":[{"href":"https:\/\/orthovzla.com\/en\/wp-json\/wp\/v2\/product"}],"about":[{"href":"https:\/\/orthovzla.com\/en\/wp-json\/wp\/v2\/types\/product"}],"replies":[{"embeddable":true,"href":"https:\/\/orthovzla.com\/en\/wp-json\/wp\/v2\/comments?post=5415"}],"wp:featuredmedia":[{"embeddable":true,"href":"https:\/\/orthovzla.com\/en\/wp-json\/wp\/v2\/media\/5416"}],"wp:attachment":[{"href":"https:\/\/orthovzla.com\/en\/wp-json\/wp\/v2\/media?parent=5415"}],"wp:term":[{"taxonomy":"product_cat","embeddable":true,"href":"https:\/\/orthovzla.com\/en\/wp-json\/wp\/v2\/product_cat?post=5415"},{"taxonomy":"product_tag","embeddable":true,"href":"https:\/\/orthovzla.com\/en\/wp-json\/wp\/v2\/product_tag?post=5415"}],"curies":[{"name":"wp","href":"https:\/\/api.w.org\/{rel}","templated":true}]}}