{"id":5411,"date":"2025-10-03T09:39:36","date_gmt":"2025-10-03T13:39:36","guid":{"rendered":"https:\/\/orthovzla.com\/?post_type=product&#038;p=5411"},"modified":"2026-04-23T14:43:51","modified_gmt":"2026-04-23T18:43:51","slug":"brackets-wepass-3b-orthodontics","status":"publish","type":"product","link":"https:\/\/orthovzla.com\/en\/product\/brackets-wepass-3b-orthodontics\/","title":{"rendered":"Brackets WePass 3B Orthodontics"},"content":{"rendered":"<p>El caso de brackets WePass 3B Orthodontics es un caso autoligado pasivo<\/p>\n<p>Caracter\u00edsticas del aso de brackets WePass 3B Orthodontics<\/p>\n<ul>\n<li>El dise\u00f1o cl\u00e1sico y la t\u00e9cnica avanzada ofrecen una mayor comodidad y est\u00e9tica.<\/li>\n<li>La t\u00e9cnica de fresado CNC garantiza una ranura suave y precisa y un control total de la rotaci\u00f3n.<\/li>\n<li>Perfil bajo y contorno redondeado.<\/li>\n<li>L\u00ednea de trazado central para un posicionamiento m\u00e1s preciso del soporte.<\/li>\n<li>El clip NITI puede funcionar de manera eficiente durante toda la vida.<\/li>\n<li>La t\u00e9cnica de soldadura l\u00e1ser asegura una uni\u00f3n firme del cuerpo y la base.<\/li>\n<li>El torque en base garantiza un mayor control.<\/li>\n<li>Base de malla 80 para m\u00e1xima fuerza de uni\u00f3n.<\/li>\n<li>Prescripci\u00f3n roth.<\/li>\n<li>20 brackets.<\/li>\n<\/ul>","protected":false},"excerpt":{"rendered":"<p>El caso de brackets WePass 3B Orthodontics es un caso autoligado pasivo<\/p>","protected":false},"featured_media":5936,"comment_status":"open","ping_status":"closed","template":"","meta":{"_acf_changed":false,"_coblocks_attr":"","_coblocks_dimensions":"","_coblocks_responsive_height":"","_coblocks_accordion_ie_support":""},"product_cat":[22,331,18],"product_tag":[326,24,328,327,322],"class_list":{"0":"post-5411","1":"product","2":"type-product","3":"status-publish","4":"has-post-thumbnail","6":"product_brand-3b","7":"product_cat-brackets","8":"product_cat-metalicos","9":"product_cat-ortho","10":"product_tag-autoligado","11":"product_tag-brackets","12":"product_tag-mbt","13":"product_tag-pasivo","14":"product_tag-roth","16":"first","17":"instock","18":"shipping-taxable","19":"purchasable","20":"product-type-simple","21":"layout-style-1","22":"col-md-4 col-sm-4 col-xs-6","23":"col-lg-4","24":"product-has-gallery","25":"product-style-addtocart"},"acf":[],"jetpack_sharing_enabled":true,"_links":{"self":[{"href":"https:\/\/orthovzla.com\/en\/wp-json\/wp\/v2\/product\/5411","targetHints":{"allow":["GET"]}}],"collection":[{"href":"https:\/\/orthovzla.com\/en\/wp-json\/wp\/v2\/product"}],"about":[{"href":"https:\/\/orthovzla.com\/en\/wp-json\/wp\/v2\/types\/product"}],"replies":[{"embeddable":true,"href":"https:\/\/orthovzla.com\/en\/wp-json\/wp\/v2\/comments?post=5411"}],"wp:featuredmedia":[{"embeddable":true,"href":"https:\/\/orthovzla.com\/en\/wp-json\/wp\/v2\/media\/5936"}],"wp:attachment":[{"href":"https:\/\/orthovzla.com\/en\/wp-json\/wp\/v2\/media?parent=5411"}],"wp:term":[{"taxonomy":"product_cat","embeddable":true,"href":"https:\/\/orthovzla.com\/en\/wp-json\/wp\/v2\/product_cat?post=5411"},{"taxonomy":"product_tag","embeddable":true,"href":"https:\/\/orthovzla.com\/en\/wp-json\/wp\/v2\/product_tag?post=5411"}],"curies":[{"name":"wp","href":"https:\/\/api.w.org\/{rel}","templated":true}]}}