{"id":5377,"date":"2025-09-25T14:30:57","date_gmt":"2025-09-25T18:30:57","guid":{"rendered":"https:\/\/orthovzla.com\/?post_type=product&#038;p=5377"},"modified":"2026-04-23T14:43:43","modified_gmt":"2026-04-23T18:43:43","slug":"brackets-atua-imd-orthodontics","status":"publish","type":"product","link":"https:\/\/orthovzla.com\/en\/product\/brackets-atua-imd-orthodontics\/","title":{"rendered":"Brackets Atua IMD Orthodontics"},"content":{"rendered":"<p>El caso de brackets Atua IMD Orthodontics es un bracket met\u00e1lico convencional, prescripci\u00f3n roth.<\/p>\n<p>Caracter\u00edsticas<\/p>\n<ul>\n<li>Slot 0.22<\/li>\n<li>Torque est\u00e1 integrado en la base de cada bracket.<\/li>\n<li>Slot fresado por CNC.<\/li>\n<li>Base arenado con oxida de al\u00famina para asistir en la fuerza de cementado. Base bidimensional con curvatura mesio- distal y ocluso- gingival que permite un mejor posicionamiento al diente.<\/li>\n<li>Dise\u00f1o monoblock de retenci\u00f3n mec\u00e1nica y arenado que garantiza una excelente adherencia.<\/li>\n<li>20 piezas.<\/li>\n<\/ul>","protected":false},"excerpt":{"rendered":"<p>El caso de brackets Atua IMD Orthodontics es un bracket met\u00e1lico convencional, prescripci\u00f3n roth.<\/p>","protected":false},"featured_media":5935,"comment_status":"open","ping_status":"closed","template":"","meta":{"_acf_changed":false,"_coblocks_attr":"","_coblocks_dimensions":"","_coblocks_responsive_height":"","_coblocks_accordion_ie_support":""},"product_cat":[22,331,18],"product_tag":[323,26,322],"class_list":{"0":"post-5377","1":"product","2":"type-product","3":"status-publish","4":"has-post-thumbnail","6":"product_brand-imd","7":"product_cat-brackets","8":"product_cat-metalicos","9":"product_cat-ortho","10":"product_tag-imd","11":"product_tag-metalico","12":"product_tag-roth","14":"first","15":"instock","16":"shipping-taxable","17":"purchasable","18":"product-type-simple","19":"layout-style-1","20":"col-md-4 col-sm-4 col-xs-6","21":"col-lg-4","22":"product-has-gallery","23":"product-style-addtocart"},"acf":[],"jetpack_sharing_enabled":true,"_links":{"self":[{"href":"https:\/\/orthovzla.com\/en\/wp-json\/wp\/v2\/product\/5377","targetHints":{"allow":["GET"]}}],"collection":[{"href":"https:\/\/orthovzla.com\/en\/wp-json\/wp\/v2\/product"}],"about":[{"href":"https:\/\/orthovzla.com\/en\/wp-json\/wp\/v2\/types\/product"}],"replies":[{"embeddable":true,"href":"https:\/\/orthovzla.com\/en\/wp-json\/wp\/v2\/comments?post=5377"}],"wp:featuredmedia":[{"embeddable":true,"href":"https:\/\/orthovzla.com\/en\/wp-json\/wp\/v2\/media\/5935"}],"wp:attachment":[{"href":"https:\/\/orthovzla.com\/en\/wp-json\/wp\/v2\/media?parent=5377"}],"wp:term":[{"taxonomy":"product_cat","embeddable":true,"href":"https:\/\/orthovzla.com\/en\/wp-json\/wp\/v2\/product_cat?post=5377"},{"taxonomy":"product_tag","embeddable":true,"href":"https:\/\/orthovzla.com\/en\/wp-json\/wp\/v2\/product_tag?post=5377"}],"curies":[{"name":"wp","href":"https:\/\/api.w.org\/{rel}","templated":true}]}}