{"id":5012,"date":"2025-09-18T11:00:25","date_gmt":"2025-09-18T15:00:25","guid":{"rendered":"https:\/\/orthovzla.com\/?post_type=product&#038;p=5012"},"modified":"2026-04-23T14:43:43","modified_gmt":"2026-04-23T18:43:43","slug":"scanner-intraoral-helios-500-eighteeth","status":"publish","type":"product","link":"https:\/\/orthovzla.com\/en\/product\/scanner-intraoral-helios-500-eighteeth\/","title":{"rendered":"Scanner intraoral Helios 500 Eighteeth"},"content":{"rendered":"<p>El scanner intraoral helios 500 Eighteeth es un esc\u00e1ner intraoral digital utilizado en odontolog\u00eda para obtener im\u00e1genes 3D precisas de los dientes, las enc\u00edas y otras estructuras de la boca. Caracterizado por ser rapido y preciso,\u00a0de calibraci\u00f3n autom\u00e1tica. El equipo se conecta a una computadora y permite obtener im\u00e1genes digitales de la boca del paciente.<\/p>\n<p>Caracter\u00edsticas del scanner intraoral helios 500 eighteeth<\/p>\n<ul>\n<li>Suficientemente peque\u00f1o para usar f\u00e1cilmente mientras que alcanza un campo de visi\u00f3n de alta definici\u00f3n de 16 mm x 14 mm.<\/li>\n<li>De los esc\u00e1neres m\u00e1s ligeros en el mercado (198 gr), dise\u00f1ado ergon\u00f3micamente y f\u00e1cil de llevarse.<\/li>\n<li>Capaz de realizar el escaneo de una arcada en 30 segundos.<\/li>\n<li>Filtra los tejidos blandos y en movimiento generando resultados de tratamiento con aspecto natural.<\/li>\n<li>Fuente de luz LED sin polvo y antiniebla.<\/li>\n<li>Bot\u00f3n de empezar\/parar en ambos lados para escanear con m\u00e1s facilidad y bot\u00f3n para cambiar modo de arcada superior, inferior o de mordida.<\/li>\n<li>Puerto USB para suministro el\u00e9ctrico y transmisi\u00f3n de datos a la nube de 1,8 m de longitud.<\/li>\n<li>La punta del esc\u00e1ner es extra\u00edble: 2 tama\u00f1os opcionales, 16*14 mm (L) \/ 12*12 mm (S).<\/li>\n<li data-sourcepos=\"7:1-7:62\">Precisi\u00f3n de escaneo de arco completo hasta 20 micr\u00f3metros.<\/li>\n<li data-sourcepos=\"8:1-8:12\">Desviaci\u00f3n est\u00e1ndar 5 micr\u00f3metros.<\/li>\n<li data-sourcepos=\"9:1-10:0\">Alineaci\u00f3n autom\u00e1tica de puntos de referencia garantizan un registro preciso de los datos del escaneo.<\/li>\n<li data-sourcepos=\"9:1-10:0\">Flujo de trabajo r\u00e1pido y sin interrupciones.<\/li>\n<li data-sourcepos=\"33:1-33:46\">Tecnolog\u00eda de escaneo 3D de alta resoluci\u00f3n.<\/li>\n<li data-sourcepos=\"34:1-34:71\">Captura precisa de detalles finos, incluyendo la textura superficial.<\/li>\n<li data-sourcepos=\"35:1-35:105\">Creaci\u00f3n de modelos 3D de alta calidad para planificaci\u00f3n de tratamientos, restauraciones y ortodoncia.<\/li>\n<li data-sourcepos=\"36:1-36:57\">Integraci\u00f3n con software de gesti\u00f3n de pr\u00e1ctica dental.<\/li>\n<li data-sourcepos=\"37:1-38:0\">Soporte t\u00e9cnico receptivo y capacitado.<\/li>\n<\/ul>","protected":false},"excerpt":{"rendered":"<p>El scanner intraoral helios 500 Eighteeth es un esc\u00e1ner intraoral digital utilizado en odontolog\u00eda para obtener im\u00e1genes 3D precisas de los dientes, las enc\u00edas y otras estructuras de la boca.<\/p>","protected":false},"featured_media":5013,"comment_status":"open","ping_status":"closed","template":"","meta":{"_acf_changed":false,"_coblocks_attr":"","_coblocks_dimensions":"","_coblocks_responsive_height":"","_coblocks_accordion_ie_support":""},"product_cat":[21],"product_tag":[257,258,259],"class_list":{"0":"post-5012","1":"product","2":"type-product","3":"status-publish","4":"has-post-thumbnail","6":"product_brand-eighteeth","7":"product_cat-equipos","8":"product_tag-eighteeth","9":"product_tag-equipos","10":"product_tag-escaner","12":"first","13":"instock","14":"shipping-taxable","15":"purchasable","16":"product-type-simple","17":"layout-style-1","18":"col-md-4 col-sm-4 col-xs-6","19":"col-lg-4","20":"product-has-gallery","21":"product-style-addtocart"},"acf":[],"jetpack_sharing_enabled":true,"_links":{"self":[{"href":"https:\/\/orthovzla.com\/en\/wp-json\/wp\/v2\/product\/5012","targetHints":{"allow":["GET"]}}],"collection":[{"href":"https:\/\/orthovzla.com\/en\/wp-json\/wp\/v2\/product"}],"about":[{"href":"https:\/\/orthovzla.com\/en\/wp-json\/wp\/v2\/types\/product"}],"replies":[{"embeddable":true,"href":"https:\/\/orthovzla.com\/en\/wp-json\/wp\/v2\/comments?post=5012"}],"wp:featuredmedia":[{"embeddable":true,"href":"https:\/\/orthovzla.com\/en\/wp-json\/wp\/v2\/media\/5013"}],"wp:attachment":[{"href":"https:\/\/orthovzla.com\/en\/wp-json\/wp\/v2\/media?parent=5012"}],"wp:term":[{"taxonomy":"product_cat","embeddable":true,"href":"https:\/\/orthovzla.com\/en\/wp-json\/wp\/v2\/product_cat?post=5012"},{"taxonomy":"product_tag","embeddable":true,"href":"https:\/\/orthovzla.com\/en\/wp-json\/wp\/v2\/product_tag?post=5012"}],"curies":[{"name":"wp","href":"https:\/\/api.w.org\/{rel}","templated":true}]}}