{"id":5010,"date":"2025-09-18T10:48:17","date_gmt":"2025-09-18T14:48:17","guid":{"rendered":"https:\/\/orthovzla.com\/?post_type=product&#038;p=5010"},"modified":"2026-04-23T14:43:42","modified_gmt":"2026-04-23T18:43:42","slug":"pinza-conformadora-de-bandas-omax","status":"publish","type":"product","link":"https:\/\/orthovzla.com\/en\/product\/pinza-conformadora-de-bandas-omax\/","title":{"rendered":"Pinza conformadora de bandas Omax"},"content":{"rendered":"<p>La pinza conformadora de bandas Omax, tambi\u00e9n conocida como alicate para contornear bandas, es una pinza utilizada para\u00a0engarzar y remodelar las bandas con facilidad y precisi\u00f3n. El lado del pico c\u00f3ncavo y convexo proporciona un agarre preciso y firme. La formaci\u00f3n de espirales da un f\u00e1cil manejo, fabricada en acero inoxidable.<\/p>","protected":false},"excerpt":{"rendered":"<p>La pinza conformadora de bandas Omax, tambi\u00e9n conocida como alicate para contornear bandas, es una pinza utilizada para\u00a0engarzar y remodelar las bandas con facilidad y precisi\u00f3n. El lado del pico&hellip;<\/p>","protected":false},"featured_media":5011,"comment_status":"open","ping_status":"closed","template":"","meta":{"_acf_changed":false,"_coblocks_attr":"","_coblocks_dimensions":"","_coblocks_responsive_height":"","_coblocks_accordion_ie_support":""},"product_cat":[18,251],"product_tag":[255,27,253],"class_list":{"0":"post-5010","1":"product","2":"type-product","3":"status-publish","4":"has-post-thumbnail","6":"product_brand-omax","7":"product_cat-ortho","8":"product_cat-pinzas","9":"product_tag-omax","10":"product_tag-ortodoncia","11":"product_tag-pinzas","13":"first","14":"instock","15":"shipping-taxable","16":"purchasable","17":"product-type-simple","18":"layout-style-1","19":"col-md-4 col-sm-4 col-xs-6","20":"col-lg-4","21":"product-style-addtocart"},"acf":[],"jetpack_sharing_enabled":true,"_links":{"self":[{"href":"https:\/\/orthovzla.com\/en\/wp-json\/wp\/v2\/product\/5010","targetHints":{"allow":["GET"]}}],"collection":[{"href":"https:\/\/orthovzla.com\/en\/wp-json\/wp\/v2\/product"}],"about":[{"href":"https:\/\/orthovzla.com\/en\/wp-json\/wp\/v2\/types\/product"}],"replies":[{"embeddable":true,"href":"https:\/\/orthovzla.com\/en\/wp-json\/wp\/v2\/comments?post=5010"}],"wp:featuredmedia":[{"embeddable":true,"href":"https:\/\/orthovzla.com\/en\/wp-json\/wp\/v2\/media\/5011"}],"wp:attachment":[{"href":"https:\/\/orthovzla.com\/en\/wp-json\/wp\/v2\/media?parent=5010"}],"wp:term":[{"taxonomy":"product_cat","embeddable":true,"href":"https:\/\/orthovzla.com\/en\/wp-json\/wp\/v2\/product_cat?post=5010"},{"taxonomy":"product_tag","embeddable":true,"href":"https:\/\/orthovzla.com\/en\/wp-json\/wp\/v2\/product_tag?post=5010"}],"curies":[{"name":"wp","href":"https:\/\/api.w.org\/{rel}","templated":true}]}}