{"id":5002,"date":"2025-09-18T10:44:44","date_gmt":"2025-09-18T14:44:44","guid":{"rendered":"https:\/\/orthovzla.com\/?post_type=product&#038;p=5002"},"modified":"2026-04-23T14:43:42","modified_gmt":"2026-04-23T18:43:42","slug":"pinza-corte-ligadura-omax","status":"publish","type":"product","link":"https:\/\/orthovzla.com\/en\/product\/pinza-corte-ligadura-omax\/","title":{"rendered":"Pinza corte ligadura Omax"},"content":{"rendered":"<p>La pinza corte ligadura Omax, tambi\u00e9n conocida como alicate para cortar ligaduras, es un cortador de clavijas est\u00e1ndar, sin \u00e1ngulo dise\u00f1ada para cortar alambres blandos. Fabricada en acero inoxidable con cromado duro tiene capacidad m\u00e1xima de corte para alambres hasta .015.<\/p>","protected":false},"excerpt":{"rendered":"<p>La pinza corte ligadura Omax, tambi\u00e9n conocida como alicate para cortar ligaduras, es un cortador de clavijas est\u00e1ndar.<\/p>","protected":false},"featured_media":5999,"comment_status":"open","ping_status":"closed","template":"","meta":{"_acf_changed":false,"_coblocks_attr":"","_coblocks_dimensions":"","_coblocks_responsive_height":"","_coblocks_accordion_ie_support":""},"product_cat":[18,251],"product_tag":[255,27,253],"class_list":{"0":"post-5002","1":"product","2":"type-product","3":"status-publish","4":"has-post-thumbnail","6":"product_brand-omax","7":"product_cat-ortho","8":"product_cat-pinzas","9":"product_tag-omax","10":"product_tag-ortodoncia","11":"product_tag-pinzas","13":"first","14":"instock","15":"shipping-taxable","16":"purchasable","17":"product-type-simple","18":"layout-style-1","19":"col-md-4 col-sm-4 col-xs-6","20":"col-lg-4","21":"product-has-gallery","22":"product-style-addtocart"},"acf":[],"jetpack_sharing_enabled":true,"_links":{"self":[{"href":"https:\/\/orthovzla.com\/en\/wp-json\/wp\/v2\/product\/5002","targetHints":{"allow":["GET"]}}],"collection":[{"href":"https:\/\/orthovzla.com\/en\/wp-json\/wp\/v2\/product"}],"about":[{"href":"https:\/\/orthovzla.com\/en\/wp-json\/wp\/v2\/types\/product"}],"replies":[{"embeddable":true,"href":"https:\/\/orthovzla.com\/en\/wp-json\/wp\/v2\/comments?post=5002"}],"wp:featuredmedia":[{"embeddable":true,"href":"https:\/\/orthovzla.com\/en\/wp-json\/wp\/v2\/media\/5999"}],"wp:attachment":[{"href":"https:\/\/orthovzla.com\/en\/wp-json\/wp\/v2\/media?parent=5002"}],"wp:term":[{"taxonomy":"product_cat","embeddable":true,"href":"https:\/\/orthovzla.com\/en\/wp-json\/wp\/v2\/product_cat?post=5002"},{"taxonomy":"product_tag","embeddable":true,"href":"https:\/\/orthovzla.com\/en\/wp-json\/wp\/v2\/product_tag?post=5002"}],"curies":[{"name":"wp","href":"https:\/\/api.w.org\/{rel}","templated":true}]}}