{"id":119,"date":"2025-09-11T07:44:14","date_gmt":"2025-09-11T11:44:14","guid":{"rendered":"https:\/\/orthovzla.com\/?post_type=product&#038;p=119"},"modified":"2026-04-23T14:46:21","modified_gmt":"2026-04-23T18:46:21","slug":"implante-conico-msdi","status":"publish","type":"product","link":"https:\/\/orthovzla.com\/en\/product\/implante-conico-msdi\/","title":{"rendered":"Implante c\u00f3nico MSDI"},"content":{"rendered":"<p data-sourcepos=\"3:1-3:198\">El implante c\u00f3nico MSDI se estrecha gradualmente desde la base hasta la punta. Esta forma est\u00e1 dise\u00f1ada para ofrecer una serie de ventajas, que incluyen:<\/p>\n<ul data-sourcepos=\"5:1-9:0\">\n<li data-sourcepos=\"5:1-5:279\">Mayor estabilidad primaria por la forma c\u00f3nica del implante ayuda a distribuir la fuerza de manera uniforme en el hueso, lo que proporciona una mayor estabilidad primaria, es decir, la capacidad del implante para resistir el movimiento inmediatamente despu\u00e9s de su colocaci\u00f3n.<\/li>\n<li data-sourcepos=\"6:1-6:238\">La superficie c\u00f3nica del implante tambi\u00e9n aumenta el \u00e1rea de superficie de contacto con el hueso, lo que favorece la osteointegraci\u00f3n, el proceso por el cual el hueso crece alrededor y se adhiere al implante.<\/li>\n<li data-sourcepos=\"7:1-9:0\">La forma c\u00f3nica del implante facilita su inserci\u00f3n en el hueso, lo que puede reducir el trauma durante el procedimiento de colocaci\u00f3n.<\/li>\n<li data-sourcepos=\"7:1-9:0\">El implante c\u00f3nico MSDI esta dise\u00f1ado especialmente para ofrecer una alta estabilidad primaria en situaciones exigentes como huesos blandos o alveolos de extracci\u00f3n.<\/li>\n<li data-sourcepos=\"7:1-9:0\">Se puede utilizar con cualquier tipo de hueso.<\/li>\n<li data-sourcepos=\"7:1-9:0\">La combinaci\u00f3n de la conexi\u00f3n c\u00f3nica junto con el famoso entrelazado hexagonal crea una alta resistencia mec\u00e1nica, que garantiza estabilidad y un proceso de restauraci\u00f3n fluido.<\/li>\n<li data-sourcepos=\"7:1-9:0\">El hex\u00e1gono interno del implante c\u00f3nico MSDI elimina la necesidad de instrumentos quir\u00fargicos especiales, lo que permite una f\u00e1cil implementaci\u00f3n y no requiere nada m\u00e1s que un kit quir\u00fargico est\u00e1ndar.<\/li>\n<li data-sourcepos=\"7:1-9:0\">La plataforma Regular (RP 4.3\/5.0) est\u00e1 dise\u00f1ada para casos posteriores que requieren una base m\u00e1s amplia, por lo tanto ofrece oportunidad de lograr un perfil de emergencia molar natural.<\/li>\n<\/ul>\n<p data-sourcepos=\"10:1-10:241\">El implante c\u00f3nico MSDI est\u00e1 hecho de titanio, un material biocompatible que es fuerte, duradero y resistente a la corrosi\u00f3n. El implante tambi\u00e9n tiene una superficie especialmente tratada que est\u00e1 dise\u00f1ada para promover el crecimiento \u00f3seo.<\/p>\n<p data-sourcepos=\"12:1-12:359\">El implante c\u00f3nico MSDI es una opci\u00f3n de tratamiento vers\u00e1til que se puede utilizar para restaurar una amplia gama de dientes perdidos. Se puede usar para reemplazar dientes individuales, m\u00faltiples dientes o incluso todos los dientes de la boca. El implante tambi\u00e9n se puede utilizar para apoyar pr\u00f3tesis dentales, como coronas, puentes o dentaduras postizas<\/p>","protected":false},"excerpt":{"rendered":"<p>El implante c\u00f3nico MSDI se estrecha gradualmente desde la base hasta la punta<\/p>","protected":false},"featured_media":120,"comment_status":"open","ping_status":"closed","template":"","meta":{"_acf_changed":false,"_coblocks_attr":"","_coblocks_dimensions":"","_coblocks_responsive_height":"","_coblocks_accordion_ie_support":""},"product_cat":[20],"product_tag":[33,32,34],"class_list":{"0":"post-119","1":"product","2":"type-product","3":"status-publish","4":"has-post-thumbnail","6":"product_brand-msdi","7":"product_cat-impla","8":"product_tag-conicos","9":"product_tag-implantes","10":"product_tag-msdi","12":"first","13":"instock","14":"featured","15":"shipping-taxable","16":"purchasable","17":"product-type-variable","18":"has-default-attributes","19":"layout-style-1","20":"col-md-4 col-sm-4 col-xs-6","21":"col-lg-4","22":"product-style-addtocart"},"acf":[],"jetpack_sharing_enabled":true,"_links":{"self":[{"href":"https:\/\/orthovzla.com\/en\/wp-json\/wp\/v2\/product\/119","targetHints":{"allow":["GET"]}}],"collection":[{"href":"https:\/\/orthovzla.com\/en\/wp-json\/wp\/v2\/product"}],"about":[{"href":"https:\/\/orthovzla.com\/en\/wp-json\/wp\/v2\/types\/product"}],"replies":[{"embeddable":true,"href":"https:\/\/orthovzla.com\/en\/wp-json\/wp\/v2\/comments?post=119"}],"wp:featuredmedia":[{"embeddable":true,"href":"https:\/\/orthovzla.com\/en\/wp-json\/wp\/v2\/media\/120"}],"wp:attachment":[{"href":"https:\/\/orthovzla.com\/en\/wp-json\/wp\/v2\/media?parent=119"}],"wp:term":[{"taxonomy":"product_cat","embeddable":true,"href":"https:\/\/orthovzla.com\/en\/wp-json\/wp\/v2\/product_cat?post=119"},{"taxonomy":"product_tag","embeddable":true,"href":"https:\/\/orthovzla.com\/en\/wp-json\/wp\/v2\/product_tag?post=119"}],"curies":[{"name":"wp","href":"https:\/\/api.w.org\/{rel}","templated":true}]}}